{"id":3016,"date":"2021-10-01T10:30:51","date_gmt":"2021-10-01T10:30:51","guid":{"rendered":"https:\/\/fvesystems.com\/kontakt\/"},"modified":"2024-03-18T07:37:11","modified_gmt":"2024-03-18T07:37:11","slug":"kontakt","status":"publish","type":"page","link":"https:\/\/fvesystems.com\/sr\/kontakt\/","title":{"rendered":"KONTAKT"},"content":{"rendered":"\t\t<div data-elementor-type=\"wp-page\" data-elementor-id=\"3016\" class=\"elementor elementor-3016\">\n\t\t\t\t\t\t<section class=\"elementor-section elementor-top-section elementor-element elementor-element-7da26bc3 elementor-section-full_width elementor-section-height-default elementor-section-height-default\" data-id=\"7da26bc3\" data-element_type=\"section\">\n\t\t\t\t\t\t<div class=\"elementor-container elementor-column-gap-default\">\n\t\t\t\t\t<div class=\"elementor-column elementor-col-100 elementor-top-column elementor-element elementor-element-5df76801\" data-id=\"5df76801\" data-element_type=\"column\">\n\t\t\t<div class=\"elementor-widget-wrap elementor-element-populated\">\n\t\t\t\t\t\t<div class=\"elementor-section elementor-inner-section elementor-element elementor-element-37271741 elementor-section-boxed elementor-section-height-default elementor-section-height-default\" data-id=\"37271741\" data-element_type=\"section\">\n\t\t\t\t\t\t<div class=\"elementor-container elementor-column-gap-default\">\n\t\t\t\t\t<div class=\"elementor-column elementor-col-100 elementor-inner-column elementor-element elementor-element-3a1fc232\" data-id=\"3a1fc232\" data-element_type=\"column\">\n\t\t\t<div class=\"elementor-widget-wrap elementor-element-populated\">\n\t\t\t\t\t\t<div class=\"elementor-element elementor-element-11eaeffb elementor-widget elementor-widget-bauen-title\" data-id=\"11eaeffb\" data-element_type=\"widget\" data-widget_type=\"bauen-title.default\">\n\t\t\t\t<div class=\"elementor-widget-container\">\n\t\t\t\t\t\t\t\n\t\t\t\n\t\t\t\t\t\t<h2 class=\"section-title text-left\">CONTACT <span class=\"text-color-red\"> INFORMATION<\/span><\/h2>\n\t\t\t\t\n\t\t\t\t\n        \n\t\t\t\n        \t\t\t\t<\/div>\n\t\t\t\t<\/div>\n\t\t\t\t\t<\/div>\n\t\t<\/div>\n\t\t\t\t\t<\/div>\n\t\t<\/div>\n\t\t\t\t<div class=\"elementor-section elementor-inner-section elementor-element elementor-element-6b0da7ce elementor-section-boxed elementor-section-height-default elementor-section-height-default\" data-id=\"6b0da7ce\" data-element_type=\"section\">\n\t\t\t\t\t\t<div class=\"elementor-container elementor-column-gap-default\">\n\t\t\t\t\t<div class=\"elementor-column elementor-col-33 elementor-inner-column elementor-element elementor-element-469d060a\" data-id=\"469d060a\" data-element_type=\"column\">\n\t\t\t<div class=\"elementor-widget-wrap elementor-element-populated\">\n\t\t\t\t\t\t<div class=\"elementor-element elementor-element-0ec14df elementor-widget elementor-widget-image\" data-id=\"0ec14df\" data-element_type=\"widget\" data-widget_type=\"image.default\">\n\t\t\t\t<div class=\"elementor-widget-container\">\n\t\t\t\t\t\t\t\t\t\t\t\t\t\t\t<img decoding=\"async\" width=\"161\" height=\"39\" src=\"https:\/\/fvesystems.com\/wp-content\/uploads\/2023\/11\/logo.svg\" class=\"attachment-full size-full wp-image-1970\" alt=\"\" \/>\t\t\t\t\t\t\t\t\t\t\t\t\t\t\t<\/div>\n\t\t\t\t<\/div>\n\t\t\t\t\t<\/div>\n\t\t<\/div>\n\t\t\t\t<div class=\"elementor-column elementor-col-33 elementor-inner-column elementor-element elementor-element-2821bed1\" data-id=\"2821bed1\" data-element_type=\"column\">\n\t\t\t<div class=\"elementor-widget-wrap elementor-element-populated\">\n\t\t\t\t\t\t<div class=\"elementor-element elementor-element-f0805e3 elementor-invisible elementor-widget elementor-widget-bauen-contact\" data-id=\"f0805e3\" data-element_type=\"widget\" data-settings=\"{&quot;_animation&quot;:&quot;fadeInUp&quot;}\" data-widget_type=\"bauen-contact.default\">\n\t\t\t\t<div class=\"elementor-widget-container\">\n\t\t\t\t\t        \n\t\t<div class=\"sec-contact-info mb-30\">\n\t\t\t\t\t\t<p><b>Podaci za fakturisanje<\/b><\/p> \n\t\t\t\t\n\t\t\t\t\t\t<p><p style=\"font-weight: 400;\"><strong>FVE Systems, s.r.o.<\/strong><br \/>Gr\u00f6sslingov\u00e1 52<br \/>811 09 Bratislava<\/p><p><strong>Company ID:<\/strong> 54688264<br \/><strong>Tax ID:<\/strong> 2121782256<br \/><strong>VAT ID:<\/strong> SK2121782256<\/p><\/p>\n\t\t\t\t\n\t\t    \n\t\t\t\t\t\t\n\t\t\t\t\t\t\t\t\t\t\t\t\t\t\t\n\t\t\t\t\t    <p><b>Telefon:<\/b> <a href=\"tel:+421918426589\">+421918426589<\/a><\/p> \n\t\t\t\t\t\t \n\n\t\t\t\t\t\t\t\t\n        <\/div>\n\t\t\n        \t\t\t\t<\/div>\n\t\t\t\t<\/div>\n\t\t\t\t\t<\/div>\n\t\t<\/div>\n\t\t\t\t<div class=\"elementor-column elementor-col-33 elementor-inner-column elementor-element elementor-element-20c6228\" data-id=\"20c6228\" data-element_type=\"column\">\n\t\t\t<div class=\"elementor-widget-wrap elementor-element-populated\">\n\t\t\t\t\t\t<div class=\"elementor-element elementor-element-2202811 elementor-invisible elementor-widget elementor-widget-bauen-form\" data-id=\"2202811\" data-element_type=\"widget\" data-settings=\"{&quot;_animation&quot;:&quot;fadeInUp&quot;}\" data-widget_type=\"bauen-form.default\">\n\t\t\t\t<div class=\"elementor-widget-container\">\n\t\t\t\t\t\t\t<div  class=\"sec-contact-form\">\n        \t\t\t<p><b>Po\u0161aljite upit<\/b><\/p> \n\t\t\t\n\t\t\t<div  class=\"vc_template\">\n\t\t\t   \n<div class=\"wpcf7 no-js\" id=\"wpcf7-f3135-o1\" lang=\"sk-SK\" dir=\"ltr\" data-wpcf7-id=\"3135\">\n<div class=\"screen-reader-response\"><p role=\"status\" aria-live=\"polite\" aria-atomic=\"true\"><\/p> <ul><\/ul><\/div>\n<form action=\"\/sr\/wp-json\/wp\/v2\/pages\/3016#wpcf7-f3135-o1\" method=\"post\" class=\"wpcf7-form init\" aria-label=\"Kontaktn\u00fd formul\u00e1r\" novalidate=\"novalidate\" data-status=\"init\">\n<div style=\"display: none;\">\n<input type=\"hidden\" name=\"_wpcf7\" value=\"3135\" \/>\n<input type=\"hidden\" name=\"_wpcf7_version\" value=\"6.0.3\" \/>\n<input type=\"hidden\" name=\"_wpcf7_locale\" value=\"sk_SK\" \/>\n<input type=\"hidden\" name=\"_wpcf7_unit_tag\" value=\"wpcf7-f3135-o1\" \/>\n<input type=\"hidden\" name=\"_wpcf7_container_post\" value=\"0\" \/>\n<input type=\"hidden\" name=\"_wpcf7_posted_data_hash\" value=\"\" \/>\n<\/div>\n<p><label> Va\u0161e ime<br \/>\n<span class=\"wpcf7-form-control-wrap\" data-name=\"your-name\"><input size=\"40\" maxlength=\"400\" class=\"wpcf7-form-control wpcf7-text wpcf7-validates-as-required\" autocomplete=\"name\" aria-required=\"true\" aria-invalid=\"false\" value=\"\" type=\"text\" name=\"your-name\" \/><\/span> <\/label>\n<\/p>\n<p><label> Va\u0161a mail adresa<br \/>\n<span class=\"wpcf7-form-control-wrap\" data-name=\"your-email\"><input size=\"40\" maxlength=\"400\" class=\"wpcf7-form-control wpcf7-email wpcf7-validates-as-required wpcf7-text wpcf7-validates-as-email\" autocomplete=\"email\" aria-required=\"true\" aria-invalid=\"false\" value=\"\" type=\"email\" name=\"your-email\" \/><\/span> <\/label>\n<\/p>\n<p><label> Tema<br \/>\n<span class=\"wpcf7-form-control-wrap\" data-name=\"your-subject\"><input size=\"40\" maxlength=\"400\" class=\"wpcf7-form-control wpcf7-text wpcf7-validates-as-required\" aria-required=\"true\" aria-invalid=\"false\" value=\"\" type=\"text\" name=\"your-subject\" \/><\/span> <\/label>\n<\/p>\n<p><label> Va\u0161a poruka<br \/>\n<span class=\"wpcf7-form-control-wrap\" data-name=\"your-message\"><textarea cols=\"40\" rows=\"10\" maxlength=\"2000\" class=\"wpcf7-form-control wpcf7-textarea\" aria-invalid=\"false\" name=\"your-message\"><\/textarea><\/span> <\/label>\n<\/p>\n<p>Va\u0161e li\u010dne podatke pohranjujemo samo u vezi sa specifi\u010dnostima va\u0161eg zahtjeva. Vi\u0161e informacija o tome mo\u017eete prona\u0107i u na\u0161im <a href=\"https:\/\/fvesystems.com\/zasady-ochrany-osobnych-udajov\/\" target=\"_blank\" rel=\"noopener\">Pravilima o privatnosti<\/a>.\n<\/p>\n<p><div class=\"wpcf7-form-control has-spinner wpcf7-submit\"><button class=\"butn-dark mt-15\"><a ><span>PO\u0160ALJI<\/span><\/a><\/button><\/div>\n<\/p><div class=\"wpcf7-response-output\" aria-hidden=\"true\"><\/div>\n<\/form>\n<\/div>\n\t\t\t<\/div>\t\n\t\t<\/div>\t\n\t\t\n        \t\t\t\t<\/div>\n\t\t\t\t<\/div>\n\t\t\t\t\t<\/div>\n\t\t<\/div>\n\t\t\t\t\t<\/div>\n\t\t<\/div>\n\t\t\t\t\t<\/div>\n\t\t<\/div>\n\t\t\t\t\t<\/div>\n\t\t<\/section>\n\t\t\t\t<section class=\"elementor-section elementor-top-section elementor-element elementor-element-c347acb elementor-section-full_width elementor-section-height-default elementor-section-height-default\" data-id=\"c347acb\" data-element_type=\"section\">\n\t\t\t\t\t\t<div class=\"elementor-container elementor-column-gap-default\">\n\t\t\t\t\t<div class=\"elementor-column elementor-col-100 elementor-top-column elementor-element elementor-element-b546ebe\" data-id=\"b546ebe\" data-element_type=\"column\">\n\t\t\t<div class=\"elementor-widget-wrap elementor-element-populated\">\n\t\t\t\t\t\t<div class=\"elementor-element elementor-element-2e19f6b elementor-widget elementor-widget-google_maps\" data-id=\"2e19f6b\" data-element_type=\"widget\" data-widget_type=\"google_maps.default\">\n\t\t\t\t<div class=\"elementor-widget-container\">\n\t\t\t\t\t\t\t<div class=\"elementor-custom-embed\">\n\t\t\t<iframe loading=\"lazy\"\n\t\t\t\t\tsrc=\"https:\/\/maps.google.com\/maps?q=48.14552383467571%2C%2017.12193576835465&#038;t=m&#038;z=15&#038;output=embed&#038;iwloc=near\"\n\t\t\t\t\ttitle=\"48.14552383467571, 17.12193576835465\"\n\t\t\t\t\taria-label=\"48.14552383467571, 17.12193576835465\"\n\t\t\t><\/iframe>\n\t\t<\/div>\n\t\t\t\t\t\t<\/div>\n\t\t\t\t<\/div>\n\t\t\t\t\t<\/div>\n\t\t<\/div>\n\t\t\t\t\t<\/div>\n\t\t<\/section>\n\t\t\t\t<section class=\"elementor-section elementor-top-section elementor-element elementor-element-d7946e2 elementor-section-full_width elementor-section-height-default elementor-section-height-default\" data-id=\"d7946e2\" data-element_type=\"section\" data-settings=\"{&quot;background_background&quot;:&quot;classic&quot;}\">\n\t\t\t\t\t\t\t<div class=\"elementor-background-overlay\"><\/div>\n\t\t\t\t\t\t\t<div class=\"elementor-container elementor-column-gap-default\">\n\t\t\t\t\t<div class=\"elementor-column elementor-col-100 elementor-top-column elementor-element elementor-element-42a033b0\" data-id=\"42a033b0\" data-element_type=\"column\">\n\t\t\t<div class=\"elementor-widget-wrap elementor-element-populated\">\n\t\t\t\t\t\t<div class=\"elementor-section elementor-inner-section elementor-element elementor-element-1d2c89fc elementor-section-boxed elementor-section-height-default elementor-section-height-default\" data-id=\"1d2c89fc\" data-element_type=\"section\">\n\t\t\t\t\t\t<div class=\"elementor-container elementor-column-gap-default\">\n\t\t\t\t\t<div class=\"elementor-column elementor-col-33 elementor-inner-column elementor-element elementor-element-7ea0d481\" data-id=\"7ea0d481\" data-element_type=\"column\">\n\t\t\t<div class=\"elementor-widget-wrap elementor-element-populated\">\n\t\t\t\t\t\t<div class=\"elementor-element elementor-element-485d9a90 elementor-widget elementor-widget-bauen-video\" data-id=\"485d9a90\" data-element_type=\"widget\" data-widget_type=\"bauen-video.default\">\n\t\t\t\t<div class=\"elementor-widget-container\">\n\t\t\t\t\t\t\t\n\t\t<div class=\"vid-area\">\n\t\t    \t\t\t<div class=\"vid-icon\">\n\t\t\t\t<a class=\"play-button vid\" href=\"https:\/\/youtu.be\/ZRlKEDMa5ks\"  class=\"play-button vid js-video-button glightbox\">\n\t\t\t\t\t<svg class=\"circle-fill\">\n\t\t\t\t\t\t<circle cx=\"43\" cy=\"43\" r=\"39\" stroke=\"#fff\" stroke-width=\".5\"><\/circle>\n\t\t\t\t\t<\/svg>\n\t\t\t\t\t<svg class=\"circle-fill\">\n\t\t\t\t\t\t<circle cx=\"43\" cy=\"43\" r=\"39\" stroke=\"none\" stroke-width=\"1\" fill=\"none\"><\/circle>\n\t\t\t\t\t<\/svg> <span class=\"polygon\">\n                    \t\n\t\t\t\t\t    <i class=\"ti-control-play\"><\/i>\n\t\t\t\t\t\t\t\t\t\t\t\n\t\t\t\t\t\t\n\t\t\t\t\t<\/span> \n\t\t\t\t<\/a>\n\t\t\t<\/div>\n\t\t\t\t\t\t\t\t\t<div class=\"cont mt-15 mb-30\">\n\t\t\t\t<h5>Podcast<\/h5>\n\t\t\t<\/div>\n\t\t\t\t\t<\/div>\t\t\n\t\t\t\t\t\t\t\t\n        \t\t\t\t<\/div>\n\t\t\t\t<\/div>\n\t\t\t\t\t<\/div>\n\t\t<\/div>\n\t\t\t\t<div class=\"elementor-column elementor-col-33 elementor-inner-column elementor-element elementor-element-c3d77c3\" data-id=\"c3d77c3\" data-element_type=\"column\">\n\t\t\t<div class=\"elementor-widget-wrap\">\n\t\t\t\t\t\t\t<\/div>\n\t\t<\/div>\n\t\t\t\t<div class=\"elementor-column elementor-col-33 elementor-inner-column elementor-element elementor-element-1c98abc2\" data-id=\"1c98abc2\" data-element_type=\"column\">\n\t\t\t<div class=\"elementor-widget-wrap elementor-element-populated\">\n\t\t\t\t\t\t<div class=\"elementor-element elementor-element-58f64669 elementor-invisible elementor-widget elementor-widget-bauen-testimonials\" data-id=\"58f64669\" data-element_type=\"widget\" data-settings=\"{&quot;_animation&quot;:&quot;fadeInUp&quot;}\" data-widget_type=\"bauen-testimonials.default\">\n\t\t\t\t<div class=\"elementor-widget-container\">\n\t\t\t\t\t\n        \t\t\t\n\t\t<div class=\"testimonials\">\n\t\t\t<div class=\"sec-testimonials-carousel testimonials-box\">\n\t\t\t    \t\t\t\t<div class=\"owl-carousel owl-theme\" data-testimonials-autoplay=\"false\" data-testimonials-speed=\"500\" data-testimonials-autoplay-timeout=\"5000\" data-rtl=\"false\">\n\t\t\t\t\t\t\t\t\t\t<div class=\"item\"> <span class=\"quote\"><img decoding=\"async\" src=\"https:\/\/fvesystems.com\/wp-content\/themes\/bauen\/includes\/images\/quot.png\" alt=\"quote\"><\/span>\n\t\t\t\t\t\t<p><p style=\"font-weight: 400;\">Svi smo jedan dio ogromnog mehanizma energetske infrastrukture koji se gradi \u0161irom planete.<\/p><\/p>\n\t\t\t\t\t\t<div class=\"info\">\n\t\t\t\t\t\t\t\t\t\t\t\t\t\t<div class=\"author-img\"> <img decoding=\"async\" src=\"https:\/\/fvesystems.com\/wp-content\/uploads\/2023\/11\/01-copy.jpg\" alt=\"\"> <\/div>\n\t\t\t\t\t\t\t\t\t\t\t\t\t\t<div class=\"cont \">\n\t\t\t\t\t\t\t\t\t\t\t\t\t\t\t\t<h6>Ing. Marcel Kamon<\/h6>\t\n\t\t\t\t\t\t\t\t\t\t\t\t\t\t\t\t<span>Suvlasnik<\/span>\n\t\t\t\t\t\t\t\t\t\t\n\t\t\t\t\t\t\t<\/div>\n\t\t\t\t\t\t<\/div>\t\t\t\t\t\t\t\t\t\t\n\t\t\t\t\t<\/div>\n\t\t\t\t\t\t\t\t\t<\/div>\t\t\n\t\t\t<\/div>\t\t\n\t\t<\/div>\t\n\t\t\n        \t\t\t\t<\/div>\n\t\t\t\t<\/div>\n\t\t\t\t\t<\/div>\n\t\t<\/div>\n\t\t\t\t\t<\/div>\n\t\t<\/div>\n\t\t\t\t\t<\/div>\n\t\t<\/div>\n\t\t\t\t\t<\/div>\n\t\t<\/section>\n\t\t\t\t<\/div>\n\t\t","protected":false},"excerpt":{"rendered":"<p>CONTACT INFORMATION Podaci za fakturisanje FVE Systems, s.r.o.Gr\u00f6sslingov\u00e1 52811 09 Bratislava Company ID: 54688264Tax ID: 2121782256VAT ID: SK2121782256 Telefon: +421918426589 Po\u0161aljite upit Va\u0161e ime Va\u0161a mail adresa Tema Va\u0161a poruka Va\u0161e li\u010dne podatke pohranjujemo samo u vezi sa specifi\u010dnostima va\u0161eg zahtjeva. Vi\u0161e informacija o tome mo\u017eete prona\u0107i u na\u0161im Pravilima o privatnosti. PO\u0160ALJI Podcast Svi smo jedan dio ogromnog mehanizma&#8230;<\/p>\n","protected":false},"author":5,"featured_media":0,"parent":0,"menu_order":0,"comment_status":"closed","ping_status":"closed","template":"","meta":{"footnotes":"","_links_to":"","_links_to_target":""},"class_list":["post-3016","page","type-page","status-publish","hentry"],"yoast_head":"<!-- This site is optimized with the Yoast SEO plugin v24.2 - https:\/\/yoast.com\/wordpress\/plugins\/seo\/ -->\n<title>FVE SYSTEMS - invest\u00edcia do obnovite\u013en\u00fdch zdrojov energie<\/title>\n<meta name=\"description\" content=\"Na\u0161im cie\u013eom je vytvori\u0165 zmyslupln\u00e9 portf\u00f3lio obnovite\u013en\u00fdch zdrojov energie a z\u00e1rove\u0148 sa s investorom spolupodie\u013ea\u0165 na tejto aktivite tak, aby bol profit.\" \/>\n<meta name=\"robots\" content=\"index, follow, max-snippet:-1, max-image-preview:large, max-video-preview:-1\" \/>\n<link rel=\"canonical\" href=\"https:\/\/fvesystems.com\/kontakt\/\" \/>\n<meta property=\"og:locale\" content=\"sr_RS\" \/>\n<meta property=\"og:type\" content=\"article\" \/>\n<meta property=\"og:title\" content=\"FVE SYSTEMS - invest\u00edcia do obnovite\u013en\u00fdch zdrojov energie\" \/>\n<meta property=\"og:description\" content=\"Na\u0161im cie\u013eom je vytvori\u0165 zmyslupln\u00e9 portf\u00f3lio obnovite\u013en\u00fdch zdrojov energie a z\u00e1rove\u0148 sa s investorom spolupodie\u013ea\u0165 na tejto aktivite tak, aby bol profit.\" \/>\n<meta property=\"og:url\" content=\"https:\/\/fvesystems.com\/kontakt\/\" \/>\n<meta property=\"og:site_name\" content=\"FVE SYSTEMS - invest\u00edcia do obnovite\u013en\u00fdch zdrojov energie\" \/>\n<meta property=\"article:modified_time\" content=\"2024-03-18T07:37:11+00:00\" \/>\n<meta property=\"og:image\" content=\"https:\/\/fvesystems.com\/wp-content\/uploads\/2023\/11\/logo.svg\" \/>\n<meta name=\"twitter:card\" content=\"summary_large_image\" \/>\n<meta name=\"twitter:label1\" content=\"\u041f\u0440\u043e\u0446\u0435\u045a\u0435\u043d\u043e \u0432\u0440\u0435\u043c\u0435 \u0447\u0438\u0442\u0430\u045a\u0430\" \/>\n\t<meta name=\"twitter:data1\" content=\"3 \u043c\u0438\u043d\u0443\u0442\u0430\" \/>\n<script type=\"application\/ld+json\" class=\"yoast-schema-graph\">{\"@context\":\"https:\/\/schema.org\",\"@graph\":[{\"@type\":\"WebPage\",\"@id\":\"https:\/\/fvesystems.com\/kontakt\/\",\"url\":\"https:\/\/fvesystems.com\/kontakt\/\",\"name\":\"FVE SYSTEMS - invest\u00edcia do obnovite\u013en\u00fdch zdrojov energie\",\"isPartOf\":{\"@id\":\"https:\/\/fvesystems.com\/#website\"},\"primaryImageOfPage\":{\"@id\":\"https:\/\/fvesystems.com\/kontakt\/#primaryimage\"},\"image\":{\"@id\":\"https:\/\/fvesystems.com\/kontakt\/#primaryimage\"},\"thumbnailUrl\":\"https:\/\/fvesystems.com\/wp-content\/uploads\/2023\/11\/logo.svg\",\"datePublished\":\"2021-10-01T10:30:51+00:00\",\"dateModified\":\"2024-03-18T07:37:11+00:00\",\"description\":\"Na\u0161im cie\u013eom je vytvori\u0165 zmyslupln\u00e9 portf\u00f3lio obnovite\u013en\u00fdch zdrojov energie a z\u00e1rove\u0148 sa s investorom spolupodie\u013ea\u0165 na tejto aktivite tak, aby bol profit.\",\"breadcrumb\":{\"@id\":\"https:\/\/fvesystems.com\/kontakt\/#breadcrumb\"},\"inLanguage\":\"sr-RS\",\"potentialAction\":[{\"@type\":\"ReadAction\",\"target\":[\"https:\/\/fvesystems.com\/kontakt\/\"]}]},{\"@type\":\"ImageObject\",\"inLanguage\":\"sr-RS\",\"@id\":\"https:\/\/fvesystems.com\/kontakt\/#primaryimage\",\"url\":\"https:\/\/fvesystems.com\/wp-content\/uploads\/2023\/11\/logo.svg\",\"contentUrl\":\"https:\/\/fvesystems.com\/wp-content\/uploads\/2023\/11\/logo.svg\"},{\"@type\":\"BreadcrumbList\",\"@id\":\"https:\/\/fvesystems.com\/kontakt\/#breadcrumb\",\"itemListElement\":[{\"@type\":\"ListItem\",\"position\":1,\"name\":\"Home\",\"item\":\"https:\/\/fvesystems.com\/sr\/\"},{\"@type\":\"ListItem\",\"position\":2,\"name\":\"KONTAKT\"}]},{\"@type\":\"WebSite\",\"@id\":\"https:\/\/fvesystems.com\/#website\",\"url\":\"https:\/\/fvesystems.com\/\",\"name\":\"FVE SYSTEMS - invest\u00edcie do obnovite\u013en\u00fdch zdrojov energie\",\"description\":\"Na\u0161a v\u00edzia je by\u0165 l\u00eddrom v prechode na \u010dist\u00fa, obnovite\u013en\u00fa a udr\u017eate\u013en\u00fa sol\u00e1rnu energiu a v\u00e1m poskytujeme jedine\u010dn\u00fa pr\u00edle\u017eitos\u0165 prispie\u0165 k ekologickej transform\u00e1cii a z\u00e1rove\u0148 dosiahnu\u0165 atrakt\u00edvne finan\u010dn\u00e9 v\u00fdnosy.\",\"publisher\":{\"@id\":\"https:\/\/fvesystems.com\/#organization\"},\"potentialAction\":[{\"@type\":\"SearchAction\",\"target\":{\"@type\":\"EntryPoint\",\"urlTemplate\":\"https:\/\/fvesystems.com\/?s={search_term_string}\"},\"query-input\":{\"@type\":\"PropertyValueSpecification\",\"valueRequired\":true,\"valueName\":\"search_term_string\"}}],\"inLanguage\":\"sr-RS\"},{\"@type\":\"Organization\",\"@id\":\"https:\/\/fvesystems.com\/#organization\",\"name\":\"FVE SYSTEMS - invest\u00edcie do obnovite\u013en\u00fdch zdrojov energie\",\"url\":\"https:\/\/fvesystems.com\/\",\"logo\":{\"@type\":\"ImageObject\",\"inLanguage\":\"sr-RS\",\"@id\":\"https:\/\/fvesystems.com\/#\/schema\/logo\/image\/\",\"url\":\"https:\/\/fvesystems.com\/wp-content\/uploads\/2023\/11\/logo.svg\",\"contentUrl\":\"https:\/\/fvesystems.com\/wp-content\/uploads\/2023\/11\/logo.svg\",\"width\":161,\"height\":39,\"caption\":\"FVE SYSTEMS - invest\u00edcie do obnovite\u013en\u00fdch zdrojov energie\"},\"image\":{\"@id\":\"https:\/\/fvesystems.com\/#\/schema\/logo\/image\/\"},\"sameAs\":[\"https:\/\/linkedin.com\/company\/fve-systems-europe\"]}]}<\/script>\n<!-- \/ Yoast SEO plugin. -->","yoast_head_json":{"title":"FVE SYSTEMS - invest\u00edcia do obnovite\u013en\u00fdch zdrojov energie","description":"Na\u0161im cie\u013eom je vytvori\u0165 zmyslupln\u00e9 portf\u00f3lio obnovite\u013en\u00fdch zdrojov energie a z\u00e1rove\u0148 sa s investorom spolupodie\u013ea\u0165 na tejto aktivite tak, aby bol profit.","robots":{"index":"index","follow":"follow","max-snippet":"max-snippet:-1","max-image-preview":"max-image-preview:large","max-video-preview":"max-video-preview:-1"},"canonical":"https:\/\/fvesystems.com\/kontakt\/","og_locale":"sr_RS","og_type":"article","og_title":"FVE SYSTEMS - invest\u00edcia do obnovite\u013en\u00fdch zdrojov energie","og_description":"Na\u0161im cie\u013eom je vytvori\u0165 zmyslupln\u00e9 portf\u00f3lio obnovite\u013en\u00fdch zdrojov energie a z\u00e1rove\u0148 sa s investorom spolupodie\u013ea\u0165 na tejto aktivite tak, aby bol profit.","og_url":"https:\/\/fvesystems.com\/kontakt\/","og_site_name":"FVE SYSTEMS - invest\u00edcia do obnovite\u013en\u00fdch zdrojov energie","article_modified_time":"2024-03-18T07:37:11+00:00","og_image":[{"url":"https:\/\/fvesystems.com\/wp-content\/uploads\/2023\/11\/logo.svg","type":"","width":"","height":""}],"twitter_card":"summary_large_image","twitter_misc":{"\u041f\u0440\u043e\u0446\u0435\u045a\u0435\u043d\u043e \u0432\u0440\u0435\u043c\u0435 \u0447\u0438\u0442\u0430\u045a\u0430":"3 \u043c\u0438\u043d\u0443\u0442\u0430"},"schema":{"@context":"https:\/\/schema.org","@graph":[{"@type":"WebPage","@id":"https:\/\/fvesystems.com\/kontakt\/","url":"https:\/\/fvesystems.com\/kontakt\/","name":"FVE SYSTEMS - invest\u00edcia do obnovite\u013en\u00fdch zdrojov energie","isPartOf":{"@id":"https:\/\/fvesystems.com\/#website"},"primaryImageOfPage":{"@id":"https:\/\/fvesystems.com\/kontakt\/#primaryimage"},"image":{"@id":"https:\/\/fvesystems.com\/kontakt\/#primaryimage"},"thumbnailUrl":"https:\/\/fvesystems.com\/wp-content\/uploads\/2023\/11\/logo.svg","datePublished":"2021-10-01T10:30:51+00:00","dateModified":"2024-03-18T07:37:11+00:00","description":"Na\u0161im cie\u013eom je vytvori\u0165 zmyslupln\u00e9 portf\u00f3lio obnovite\u013en\u00fdch zdrojov energie a z\u00e1rove\u0148 sa s investorom spolupodie\u013ea\u0165 na tejto aktivite tak, aby bol profit.","breadcrumb":{"@id":"https:\/\/fvesystems.com\/kontakt\/#breadcrumb"},"inLanguage":"sr-RS","potentialAction":[{"@type":"ReadAction","target":["https:\/\/fvesystems.com\/kontakt\/"]}]},{"@type":"ImageObject","inLanguage":"sr-RS","@id":"https:\/\/fvesystems.com\/kontakt\/#primaryimage","url":"https:\/\/fvesystems.com\/wp-content\/uploads\/2023\/11\/logo.svg","contentUrl":"https:\/\/fvesystems.com\/wp-content\/uploads\/2023\/11\/logo.svg"},{"@type":"BreadcrumbList","@id":"https:\/\/fvesystems.com\/kontakt\/#breadcrumb","itemListElement":[{"@type":"ListItem","position":1,"name":"Home","item":"https:\/\/fvesystems.com\/sr\/"},{"@type":"ListItem","position":2,"name":"KONTAKT"}]},{"@type":"WebSite","@id":"https:\/\/fvesystems.com\/#website","url":"https:\/\/fvesystems.com\/","name":"FVE SYSTEMS - invest\u00edcie do obnovite\u013en\u00fdch zdrojov energie","description":"Na\u0161a v\u00edzia je by\u0165 l\u00eddrom v prechode na \u010dist\u00fa, obnovite\u013en\u00fa a udr\u017eate\u013en\u00fa sol\u00e1rnu energiu a v\u00e1m poskytujeme jedine\u010dn\u00fa pr\u00edle\u017eitos\u0165 prispie\u0165 k ekologickej transform\u00e1cii a z\u00e1rove\u0148 dosiahnu\u0165 atrakt\u00edvne finan\u010dn\u00e9 v\u00fdnosy.","publisher":{"@id":"https:\/\/fvesystems.com\/#organization"},"potentialAction":[{"@type":"SearchAction","target":{"@type":"EntryPoint","urlTemplate":"https:\/\/fvesystems.com\/?s={search_term_string}"},"query-input":{"@type":"PropertyValueSpecification","valueRequired":true,"valueName":"search_term_string"}}],"inLanguage":"sr-RS"},{"@type":"Organization","@id":"https:\/\/fvesystems.com\/#organization","name":"FVE SYSTEMS - invest\u00edcie do obnovite\u013en\u00fdch zdrojov energie","url":"https:\/\/fvesystems.com\/","logo":{"@type":"ImageObject","inLanguage":"sr-RS","@id":"https:\/\/fvesystems.com\/#\/schema\/logo\/image\/","url":"https:\/\/fvesystems.com\/wp-content\/uploads\/2023\/11\/logo.svg","contentUrl":"https:\/\/fvesystems.com\/wp-content\/uploads\/2023\/11\/logo.svg","width":161,"height":39,"caption":"FVE SYSTEMS - invest\u00edcie do obnovite\u013en\u00fdch zdrojov energie"},"image":{"@id":"https:\/\/fvesystems.com\/#\/schema\/logo\/image\/"},"sameAs":["https:\/\/linkedin.com\/company\/fve-systems-europe"]}]}},"_links":{"self":[{"href":"https:\/\/fvesystems.com\/sr\/wp-json\/wp\/v2\/pages\/3016","targetHints":{"allow":["GET"]}}],"collection":[{"href":"https:\/\/fvesystems.com\/sr\/wp-json\/wp\/v2\/pages"}],"about":[{"href":"https:\/\/fvesystems.com\/sr\/wp-json\/wp\/v2\/types\/page"}],"author":[{"embeddable":true,"href":"https:\/\/fvesystems.com\/sr\/wp-json\/wp\/v2\/users\/5"}],"replies":[{"embeddable":true,"href":"https:\/\/fvesystems.com\/sr\/wp-json\/wp\/v2\/comments?post=3016"}],"version-history":[{"count":0,"href":"https:\/\/fvesystems.com\/sr\/wp-json\/wp\/v2\/pages\/3016\/revisions"}],"wp:attachment":[{"href":"https:\/\/fvesystems.com\/sr\/wp-json\/wp\/v2\/media?parent=3016"}],"curies":[{"name":"wp","href":"https:\/\/api.w.org\/{rel}","templated":true}]}}