{"id":3017,"date":"2023-11-16T13:45:00","date_gmt":"2023-11-16T13:45:00","guid":{"rendered":"https:\/\/fvesystems.com\/novinky\/"},"modified":"2025-03-14T03:37:50","modified_gmt":"2025-03-14T03:37:50","slug":"novosti","status":"publish","type":"page","link":"https:\/\/fvesystems.com\/sr\/novosti\/","title":{"rendered":"NOVOSTI"},"content":{"rendered":"\t\t<div data-elementor-type=\"wp-page\" data-elementor-id=\"3017\" class=\"elementor elementor-3017\">\n\t\t\t\t<div class=\"elementor-element elementor-element-6873452 e-flex e-con-boxed e-con e-parent\" data-id=\"6873452\" data-element_type=\"container\">\n\t\t\t\t\t<div class=\"e-con-inner\">\n\t\t\t\t<div class=\"elementor-element elementor-element-a243010 elementor-widget elementor-widget-bauen-title\" data-id=\"a243010\" data-element_type=\"widget\" data-widget_type=\"bauen-title.default\">\n\t\t\t\t<div class=\"elementor-widget-container\">\n\t\t\t\t\t\t\t\n\t\t\t\n\t\t\t\t\t\t<h2 class=\"section-title text-left\">NOVOSTI <span class=\"text-color-red\"><\/span><\/h2>\n\t\t\t\t\n\t\t\t\t\n        \n\t\t\t\n        \t\t\t\t<\/div>\n\t\t\t\t<\/div>\n\t\t\t\t\t<\/div>\n\t\t\t\t<\/div>\n\t\t<div class=\"elementor-element elementor-element-fa0e2d3 e-flex e-con-boxed e-con e-parent\" data-id=\"fa0e2d3\" data-element_type=\"container\">\n\t\t\t\t\t<div class=\"e-con-inner\">\n\t\t\t\t<div class=\"elementor-element elementor-element-7cd4988 elementor-widget elementor-widget-text-editor\" data-id=\"7cd4988\" data-element_type=\"widget\" data-widget_type=\"text-editor.default\">\n\t\t\t\t<div class=\"elementor-widget-container\">\n\t\t\t\t\t\t\t\t\t<ul><li><a href=\"https:\/\/fvesystems.com\/sr\/kvartalni-izvjestaj-4-4-2024\/\" rel=\"noopener\">Kvartalni izvje\u0161taj 4\/4 2024<\/a><\/li><li><a href=\"https:\/\/fvesystems.com\/sr\/kvartalni-izvjestaj-3-4-2024\/\" rel=\"noopener\">Kvartalni izvje\u0161taj 3\/4 2024<\/a><\/li><li><a href=\"https:\/\/fvesystems.com\/sr\/kvartalni-izvjestaj-2-4-2024\/\" rel=\"noopener\">Kvartalni izvje\u0161taj 2\/4 2024<\/a><\/li><li><a href=\"https:\/\/fvesystems.com\/sr\/kvartalni-izvjestaj-1-4-2024\/\" target=\"_blank\" rel=\"noopener\">Kvartalni izvje\u0161taj 1\/4 2024<\/a><\/li><li><a href=\"https:\/\/fvesystems.com\/sr\/prospekt-vrijednosnih-papira-eng\/\">Prospekt vrijednosnih papira ENG<\/a><\/li><li><a href=\"https:\/\/fvesystems.com\/kvartalni-izvjestaj-q4-23\/\">Kvartalni izvje\u0161taj Q4\/23<\/a><\/li><\/ul>\t\t\t\t\t\t\t\t<\/div>\n\t\t\t\t<\/div>\n\t\t\t\t\t<\/div>\n\t\t\t\t<\/div>\n\t\t<div class=\"elementor-element elementor-element-dfac2af e-flex e-con-boxed e-con e-parent\" data-id=\"dfac2af\" data-element_type=\"container\">\n\t\t\t\t\t<div class=\"e-con-inner\">\n\t\t\t\t<div class=\"elementor-element elementor-element-06ee079 elementor-widget elementor-widget-bauen-post-grid\" data-id=\"06ee079\" data-element_type=\"widget\" data-widget_type=\"bauen-post-grid.default\">\n\t\t\t\t<div class=\"elementor-widget-container\">\n\t\t\t\t\t\n\t\t<div class=\"sec-blog bauen-blog bauen-blog-el\">\n\t\t<div class=\"row\">\n            \t\t\t\n\t\t<\/div>\n\t\t<\/div>\n\t\t\n        \t\t\t\t<\/div>\n\t\t\t\t<\/div>\n\t\t\t\t<div class=\"elementor-element elementor-element-3c1bb5c elementor-widget elementor-widget-bauen-title\" data-id=\"3c1bb5c\" data-element_type=\"widget\" data-widget_type=\"bauen-title.default\">\n\t\t\t\t<div class=\"elementor-widget-container\">\n\t\t\t\t\t\t\t\n\t\t\t\n\t\t\t\t\t\t<h2 class=\"section-title text-left\">\u010cLANCI  <span class=\"text-color-red\"> O NAMA <\/span> <\/h2>\n\t\t\t\t\n\t\t\t\t\t\t<p><ul><li>Indikator.ba - <strong><a href=\"https:\/\/indikator.ba\/KOMPANIJE-I-TR\u017dI\u0160TA\/ArtMID\/418\/ArticleID\/3017\/Jo\u0161-dvije-solarne-elektrane-gradit-\u0107e-se-u-USK\">\u010ditaj<\/a><\/strong><\/li><li>Akta.ba - <a href=\"https:\/\/www.akta.ba\/vijesti\/bih\/170931\/slovacka-kompanija-fve-systems-objavljuje-svoj-dolazak-na-bh-trziste\"><strong>\u010ditaj<\/strong><\/a><\/li><\/ul><\/p>\n\t\t\t\t\n        \n\t\t\t\n        \t\t\t\t<\/div>\n\t\t\t\t<\/div>\n\t\t\t\t\t<\/div>\n\t\t\t\t<\/div>\n\t\t\t\t<\/div>\n\t\t","protected":false},"excerpt":{"rendered":"<p>NOVOSTI Kvartalni izvje\u0161taj 4\/4 2024 Kvartalni izvje\u0161taj 3\/4 2024 Kvartalni izvje\u0161taj 2\/4 2024 Kvartalni izvje\u0161taj 1\/4 2024 Prospekt vrijednosnih papira ENG Kvartalni izvje\u0161taj Q4\/23 \u010cLANCI O NAMA Indikator.ba &#8211; \u010ditaj Akta.ba &#8211; \u010ditaj<\/p>\n","protected":false},"author":5,"featured_media":0,"parent":0,"menu_order":0,"comment_status":"closed","ping_status":"closed","template":"","meta":{"footnotes":"","_links_to":"","_links_to_target":""},"class_list":["post-3017","page","type-page","status-publish","hentry"],"yoast_head":"<!-- This site is optimized with the Yoast SEO plugin v24.2 - https:\/\/yoast.com\/wordpress\/plugins\/seo\/ -->\n<title>FVE SYSTEMS - invest\u00edcia do obnovite\u013en\u00fdch zdrojov energie<\/title>\n<meta name=\"description\" content=\"Na\u0161im cie\u013eom je vytvori\u0165 zmyslupln\u00e9 portf\u00f3lio obnovite\u013en\u00fdch zdrojov energie a z\u00e1rove\u0148 sa s investorom spolupodie\u013ea\u0165 na tejto aktivite tak, aby bol profit.\" \/>\n<meta name=\"robots\" content=\"index, follow, max-snippet:-1, max-image-preview:large, max-video-preview:-1\" \/>\n<link rel=\"canonical\" href=\"https:\/\/fvesystems.com\/sr\/novosti\/\" \/>\n<meta property=\"og:locale\" content=\"sr_RS\" \/>\n<meta property=\"og:type\" content=\"article\" \/>\n<meta property=\"og:title\" content=\"FVE SYSTEMS - invest\u00edcia do obnovite\u013en\u00fdch zdrojov energie\" \/>\n<meta property=\"og:description\" content=\"Na\u0161im cie\u013eom je vytvori\u0165 zmyslupln\u00e9 portf\u00f3lio obnovite\u013en\u00fdch zdrojov energie a z\u00e1rove\u0148 sa s investorom spolupodie\u013ea\u0165 na tejto aktivite tak, aby bol profit.\" \/>\n<meta property=\"og:url\" content=\"https:\/\/fvesystems.com\/sr\/novosti\/\" \/>\n<meta property=\"og:site_name\" content=\"FVE SYSTEMS - invest\u00edcia do obnovite\u013en\u00fdch zdrojov energie\" \/>\n<meta property=\"article:modified_time\" content=\"2025-03-14T03:37:50+00:00\" \/>\n<meta property=\"og:image\" content=\"https:\/\/fvesystems.com\/wp-content\/uploads\/2023\/11\/cropped-favicon.png\" \/>\n\t<meta property=\"og:image:width\" content=\"512\" \/>\n\t<meta property=\"og:image:height\" content=\"512\" \/>\n\t<meta property=\"og:image:type\" content=\"image\/png\" \/>\n<meta name=\"twitter:card\" content=\"summary_large_image\" \/>\n<meta name=\"twitter:label1\" content=\"\u041f\u0440\u043e\u0446\u0435\u045a\u0435\u043d\u043e \u0432\u0440\u0435\u043c\u0435 \u0447\u0438\u0442\u0430\u045a\u0430\" \/>\n\t<meta name=\"twitter:data1\" content=\"1 \u043c\u0438\u043d\u0443\u0442\" \/>\n<script type=\"application\/ld+json\" class=\"yoast-schema-graph\">{\"@context\":\"https:\/\/schema.org\",\"@graph\":[{\"@type\":\"WebPage\",\"@id\":\"https:\/\/fvesystems.com\/sr\/novosti\/\",\"url\":\"https:\/\/fvesystems.com\/sr\/novosti\/\",\"name\":\"FVE SYSTEMS - invest\u00edcia do obnovite\u013en\u00fdch zdrojov energie\",\"isPartOf\":{\"@id\":\"https:\/\/fvesystems.com\/#website\"},\"datePublished\":\"2023-11-16T13:45:00+00:00\",\"dateModified\":\"2025-03-14T03:37:50+00:00\",\"description\":\"Na\u0161im cie\u013eom je vytvori\u0165 zmyslupln\u00e9 portf\u00f3lio obnovite\u013en\u00fdch zdrojov energie a z\u00e1rove\u0148 sa s investorom spolupodie\u013ea\u0165 na tejto aktivite tak, aby bol profit.\",\"breadcrumb\":{\"@id\":\"https:\/\/fvesystems.com\/sr\/novosti\/#breadcrumb\"},\"inLanguage\":\"sr-RS\",\"potentialAction\":[{\"@type\":\"ReadAction\",\"target\":[\"https:\/\/fvesystems.com\/sr\/novosti\/\"]}]},{\"@type\":\"BreadcrumbList\",\"@id\":\"https:\/\/fvesystems.com\/sr\/novosti\/#breadcrumb\",\"itemListElement\":[{\"@type\":\"ListItem\",\"position\":1,\"name\":\"Home\",\"item\":\"https:\/\/fvesystems.com\/sr\/\"},{\"@type\":\"ListItem\",\"position\":2,\"name\":\"NOVOSTI\"}]},{\"@type\":\"WebSite\",\"@id\":\"https:\/\/fvesystems.com\/#website\",\"url\":\"https:\/\/fvesystems.com\/\",\"name\":\"FVE SYSTEMS - invest\u00edcie do obnovite\u013en\u00fdch zdrojov energie\",\"description\":\"Na\u0161a v\u00edzia je by\u0165 l\u00eddrom v prechode na \u010dist\u00fa, obnovite\u013en\u00fa a udr\u017eate\u013en\u00fa sol\u00e1rnu energiu a v\u00e1m poskytujeme jedine\u010dn\u00fa pr\u00edle\u017eitos\u0165 prispie\u0165 k ekologickej transform\u00e1cii a z\u00e1rove\u0148 dosiahnu\u0165 atrakt\u00edvne finan\u010dn\u00e9 v\u00fdnosy.\",\"publisher\":{\"@id\":\"https:\/\/fvesystems.com\/#organization\"},\"potentialAction\":[{\"@type\":\"SearchAction\",\"target\":{\"@type\":\"EntryPoint\",\"urlTemplate\":\"https:\/\/fvesystems.com\/?s={search_term_string}\"},\"query-input\":{\"@type\":\"PropertyValueSpecification\",\"valueRequired\":true,\"valueName\":\"search_term_string\"}}],\"inLanguage\":\"sr-RS\"},{\"@type\":\"Organization\",\"@id\":\"https:\/\/fvesystems.com\/#organization\",\"name\":\"FVE SYSTEMS - invest\u00edcie do obnovite\u013en\u00fdch zdrojov energie\",\"url\":\"https:\/\/fvesystems.com\/\",\"logo\":{\"@type\":\"ImageObject\",\"inLanguage\":\"sr-RS\",\"@id\":\"https:\/\/fvesystems.com\/#\/schema\/logo\/image\/\",\"url\":\"https:\/\/fvesystems.com\/wp-content\/uploads\/2023\/11\/logo.svg\",\"contentUrl\":\"https:\/\/fvesystems.com\/wp-content\/uploads\/2023\/11\/logo.svg\",\"width\":161,\"height\":39,\"caption\":\"FVE SYSTEMS - invest\u00edcie do obnovite\u013en\u00fdch zdrojov energie\"},\"image\":{\"@id\":\"https:\/\/fvesystems.com\/#\/schema\/logo\/image\/\"},\"sameAs\":[\"https:\/\/linkedin.com\/company\/fve-systems-europe\"]}]}<\/script>\n<!-- \/ Yoast SEO plugin. -->","yoast_head_json":{"title":"FVE SYSTEMS - invest\u00edcia do obnovite\u013en\u00fdch zdrojov energie","description":"Na\u0161im cie\u013eom je vytvori\u0165 zmyslupln\u00e9 portf\u00f3lio obnovite\u013en\u00fdch zdrojov energie a z\u00e1rove\u0148 sa s investorom spolupodie\u013ea\u0165 na tejto aktivite tak, aby bol profit.","robots":{"index":"index","follow":"follow","max-snippet":"max-snippet:-1","max-image-preview":"max-image-preview:large","max-video-preview":"max-video-preview:-1"},"canonical":"https:\/\/fvesystems.com\/sr\/novosti\/","og_locale":"sr_RS","og_type":"article","og_title":"FVE SYSTEMS - invest\u00edcia do obnovite\u013en\u00fdch zdrojov energie","og_description":"Na\u0161im cie\u013eom je vytvori\u0165 zmyslupln\u00e9 portf\u00f3lio obnovite\u013en\u00fdch zdrojov energie a z\u00e1rove\u0148 sa s investorom spolupodie\u013ea\u0165 na tejto aktivite tak, aby bol profit.","og_url":"https:\/\/fvesystems.com\/sr\/novosti\/","og_site_name":"FVE SYSTEMS - invest\u00edcia do obnovite\u013en\u00fdch zdrojov energie","article_modified_time":"2025-03-14T03:37:50+00:00","og_image":[{"width":512,"height":512,"url":"https:\/\/fvesystems.com\/wp-content\/uploads\/2023\/11\/cropped-favicon.png","type":"image\/png"}],"twitter_card":"summary_large_image","twitter_misc":{"\u041f\u0440\u043e\u0446\u0435\u045a\u0435\u043d\u043e \u0432\u0440\u0435\u043c\u0435 \u0447\u0438\u0442\u0430\u045a\u0430":"1 \u043c\u0438\u043d\u0443\u0442"},"schema":{"@context":"https:\/\/schema.org","@graph":[{"@type":"WebPage","@id":"https:\/\/fvesystems.com\/sr\/novosti\/","url":"https:\/\/fvesystems.com\/sr\/novosti\/","name":"FVE SYSTEMS - invest\u00edcia do obnovite\u013en\u00fdch zdrojov energie","isPartOf":{"@id":"https:\/\/fvesystems.com\/#website"},"datePublished":"2023-11-16T13:45:00+00:00","dateModified":"2025-03-14T03:37:50+00:00","description":"Na\u0161im cie\u013eom je vytvori\u0165 zmyslupln\u00e9 portf\u00f3lio obnovite\u013en\u00fdch zdrojov energie a z\u00e1rove\u0148 sa s investorom spolupodie\u013ea\u0165 na tejto aktivite tak, aby bol profit.","breadcrumb":{"@id":"https:\/\/fvesystems.com\/sr\/novosti\/#breadcrumb"},"inLanguage":"sr-RS","potentialAction":[{"@type":"ReadAction","target":["https:\/\/fvesystems.com\/sr\/novosti\/"]}]},{"@type":"BreadcrumbList","@id":"https:\/\/fvesystems.com\/sr\/novosti\/#breadcrumb","itemListElement":[{"@type":"ListItem","position":1,"name":"Home","item":"https:\/\/fvesystems.com\/sr\/"},{"@type":"ListItem","position":2,"name":"NOVOSTI"}]},{"@type":"WebSite","@id":"https:\/\/fvesystems.com\/#website","url":"https:\/\/fvesystems.com\/","name":"FVE SYSTEMS - invest\u00edcie do obnovite\u013en\u00fdch zdrojov energie","description":"Na\u0161a v\u00edzia je by\u0165 l\u00eddrom v prechode na \u010dist\u00fa, obnovite\u013en\u00fa a udr\u017eate\u013en\u00fa sol\u00e1rnu energiu a v\u00e1m poskytujeme jedine\u010dn\u00fa pr\u00edle\u017eitos\u0165 prispie\u0165 k ekologickej transform\u00e1cii a z\u00e1rove\u0148 dosiahnu\u0165 atrakt\u00edvne finan\u010dn\u00e9 v\u00fdnosy.","publisher":{"@id":"https:\/\/fvesystems.com\/#organization"},"potentialAction":[{"@type":"SearchAction","target":{"@type":"EntryPoint","urlTemplate":"https:\/\/fvesystems.com\/?s={search_term_string}"},"query-input":{"@type":"PropertyValueSpecification","valueRequired":true,"valueName":"search_term_string"}}],"inLanguage":"sr-RS"},{"@type":"Organization","@id":"https:\/\/fvesystems.com\/#organization","name":"FVE SYSTEMS - invest\u00edcie do obnovite\u013en\u00fdch zdrojov energie","url":"https:\/\/fvesystems.com\/","logo":{"@type":"ImageObject","inLanguage":"sr-RS","@id":"https:\/\/fvesystems.com\/#\/schema\/logo\/image\/","url":"https:\/\/fvesystems.com\/wp-content\/uploads\/2023\/11\/logo.svg","contentUrl":"https:\/\/fvesystems.com\/wp-content\/uploads\/2023\/11\/logo.svg","width":161,"height":39,"caption":"FVE SYSTEMS - invest\u00edcie do obnovite\u013en\u00fdch zdrojov energie"},"image":{"@id":"https:\/\/fvesystems.com\/#\/schema\/logo\/image\/"},"sameAs":["https:\/\/linkedin.com\/company\/fve-systems-europe"]}]}},"_links":{"self":[{"href":"https:\/\/fvesystems.com\/sr\/wp-json\/wp\/v2\/pages\/3017","targetHints":{"allow":["GET"]}}],"collection":[{"href":"https:\/\/fvesystems.com\/sr\/wp-json\/wp\/v2\/pages"}],"about":[{"href":"https:\/\/fvesystems.com\/sr\/wp-json\/wp\/v2\/types\/page"}],"author":[{"embeddable":true,"href":"https:\/\/fvesystems.com\/sr\/wp-json\/wp\/v2\/users\/5"}],"replies":[{"embeddable":true,"href":"https:\/\/fvesystems.com\/sr\/wp-json\/wp\/v2\/comments?post=3017"}],"version-history":[{"count":18,"href":"https:\/\/fvesystems.com\/sr\/wp-json\/wp\/v2\/pages\/3017\/revisions"}],"predecessor-version":[{"id":4030,"href":"https:\/\/fvesystems.com\/sr\/wp-json\/wp\/v2\/pages\/3017\/revisions\/4030"}],"wp:attachment":[{"href":"https:\/\/fvesystems.com\/sr\/wp-json\/wp\/v2\/media?parent=3017"}],"curies":[{"name":"wp","href":"https:\/\/api.w.org\/{rel}","templated":true}]}}