{"id":3020,"date":"2023-12-22T10:25:47","date_gmt":"2023-12-22T10:25:47","guid":{"rendered":"https:\/\/fvesystems.com\/podcasty\/"},"modified":"2024-03-12T12:05:39","modified_gmt":"2024-03-12T12:05:39","slug":"podcast","status":"publish","type":"page","link":"https:\/\/fvesystems.com\/sr\/podcast\/","title":{"rendered":"Podcast"},"content":{"rendered":"\t\t<div data-elementor-type=\"wp-page\" data-elementor-id=\"3020\" class=\"elementor elementor-3020\">\n\t\t\t\t<div class=\"elementor-element elementor-element-d902baf e-flex e-con-boxed e-con e-parent\" data-id=\"d902baf\" data-element_type=\"container\">\n\t\t\t\t\t<div class=\"e-con-inner\">\n\t\t\t\t<div class=\"elementor-element elementor-element-15e79ed elementor-widget elementor-widget-video\" data-id=\"15e79ed\" data-element_type=\"widget\" data-settings=\"{&quot;youtube_url&quot;:&quot;https:\\\/\\\/youtu.be\\\/S-oCa218mpI&quot;,&quot;video_type&quot;:&quot;youtube&quot;,&quot;controls&quot;:&quot;yes&quot;}\" data-widget_type=\"video.default\">\n\t\t\t\t<div class=\"elementor-widget-container\">\n\t\t\t\t\t\t\t<div class=\"elementor-wrapper elementor-open-inline\">\n\t\t\t<div class=\"elementor-video\"><\/div>\t\t<\/div>\n\t\t\t\t\t\t<\/div>\n\t\t\t\t<\/div>\n\t\t\t\t\t<\/div>\n\t\t\t\t<\/div>\n\t\t<div class=\"elementor-element elementor-element-1c257b3 e-flex e-con-boxed e-con e-parent\" data-id=\"1c257b3\" data-element_type=\"container\">\n\t\t\t\t\t<div class=\"e-con-inner\">\n\t\t\t\t<div class=\"elementor-element elementor-element-c2d7de7 elementor-widget elementor-widget-video\" data-id=\"c2d7de7\" data-element_type=\"widget\" data-settings=\"{&quot;youtube_url&quot;:&quot;https:\\\/\\\/youtu.be\\\/6HeSaAL6Mk4&quot;,&quot;video_type&quot;:&quot;youtube&quot;,&quot;controls&quot;:&quot;yes&quot;}\" data-widget_type=\"video.default\">\n\t\t\t\t<div class=\"elementor-widget-container\">\n\t\t\t\t\t\t\t<div class=\"elementor-wrapper elementor-open-inline\">\n\t\t\t<div class=\"elementor-video\"><\/div>\t\t<\/div>\n\t\t\t\t\t\t<\/div>\n\t\t\t\t<\/div>\n\t\t\t\t\t<\/div>\n\t\t\t\t<\/div>\n\t\t<div class=\"elementor-element elementor-element-43f258c e-flex e-con-boxed e-con e-parent\" data-id=\"43f258c\" data-element_type=\"container\">\n\t\t\t\t\t<div class=\"e-con-inner\">\n\t\t\t\t<div class=\"elementor-element elementor-element-f124a19 elementor-widget elementor-widget-video\" data-id=\"f124a19\" data-element_type=\"widget\" data-settings=\"{&quot;youtube_url&quot;:&quot;https:\\\/\\\/youtu.be\\\/4ksMZxbZYtk&quot;,&quot;video_type&quot;:&quot;youtube&quot;,&quot;controls&quot;:&quot;yes&quot;}\" data-widget_type=\"video.default\">\n\t\t\t\t<div class=\"elementor-widget-container\">\n\t\t\t\t\t\t\t<div class=\"elementor-wrapper elementor-open-inline\">\n\t\t\t<div class=\"elementor-video\"><\/div>\t\t<\/div>\n\t\t\t\t\t\t<\/div>\n\t\t\t\t<\/div>\n\t\t\t\t\t<\/div>\n\t\t\t\t<\/div>\n\t\t<div class=\"elementor-element elementor-element-ced25f9 e-flex e-con-boxed e-con e-parent\" data-id=\"ced25f9\" data-element_type=\"container\">\n\t\t\t\t\t<div class=\"e-con-inner\">\n\t\t\t\t<div class=\"elementor-element elementor-element-e0ea698 elementor-widget elementor-widget-video\" data-id=\"e0ea698\" data-element_type=\"widget\" data-settings=\"{&quot;youtube_url&quot;:&quot;https:\\\/\\\/youtu.be\\\/uOr6qN7Z2JI&quot;,&quot;video_type&quot;:&quot;youtube&quot;,&quot;controls&quot;:&quot;yes&quot;}\" data-widget_type=\"video.default\">\n\t\t\t\t<div class=\"elementor-widget-container\">\n\t\t\t\t\t\t\t<div class=\"elementor-wrapper elementor-open-inline\">\n\t\t\t<div class=\"elementor-video\"><\/div>\t\t<\/div>\n\t\t\t\t\t\t<\/div>\n\t\t\t\t<\/div>\n\t\t\t\t\t<\/div>\n\t\t\t\t<\/div>\n\t\t<div class=\"elementor-element elementor-element-588116d e-flex e-con-boxed e-con e-parent\" data-id=\"588116d\" data-element_type=\"container\">\n\t\t\t\t\t<div class=\"e-con-inner\">\n\t\t\t\t<div class=\"elementor-element elementor-element-2ea8026 elementor-widget elementor-widget-video\" data-id=\"2ea8026\" data-element_type=\"widget\" data-settings=\"{&quot;youtube_url&quot;:&quot;https:\\\/\\\/youtu.be\\\/ZRlKEDMa5ks&quot;,&quot;video_type&quot;:&quot;youtube&quot;,&quot;controls&quot;:&quot;yes&quot;}\" data-widget_type=\"video.default\">\n\t\t\t\t<div class=\"elementor-widget-container\">\n\t\t\t\t\t\t\t<div class=\"elementor-wrapper elementor-open-inline\">\n\t\t\t<div class=\"elementor-video\"><\/div>\t\t<\/div>\n\t\t\t\t\t\t<\/div>\n\t\t\t\t<\/div>\n\t\t\t\t\t<\/div>\n\t\t\t\t<\/div>\n\t\t\t\t<\/div>\n\t\t","protected":false},"excerpt":{"rendered":"<p>https:\/\/youtu.be\/S-oCa218mpIhttps:\/\/youtu.be\/6HeSaAL6Mk4https:\/\/youtu.be\/4ksMZxbZYtkhttps:\/\/youtu.be\/uOr6qN7Z2JIhttps:\/\/youtu.be\/ZRlKEDMa5ks<\/p>\n","protected":false},"author":5,"featured_media":0,"parent":0,"menu_order":0,"comment_status":"closed","ping_status":"closed","template":"","meta":{"footnotes":"","_links_to":"","_links_to_target":""},"class_list":["post-3020","page","type-page","status-publish","hentry"],"yoast_head":"<!-- This site is optimized with the Yoast SEO plugin v24.2 - https:\/\/yoast.com\/wordpress\/plugins\/seo\/ -->\n<title>FVE SYSTEMS - invest\u00edcia do obnovite\u013en\u00fdch zdrojov energie<\/title>\n<meta name=\"description\" content=\"Na\u0161im cie\u013eom je vytvori\u0165 zmyslupln\u00e9 portf\u00f3lio obnovite\u013en\u00fdch zdrojov energie a z\u00e1rove\u0148 sa s investorom spolupodie\u013ea\u0165 na tejto aktivite tak, aby bol profit.\" \/>\n<meta name=\"robots\" content=\"index, follow, max-snippet:-1, max-image-preview:large, max-video-preview:-1\" \/>\n<link rel=\"canonical\" href=\"https:\/\/fvesystems.com\/sr\/podcast\/\" \/>\n<meta property=\"og:locale\" content=\"sr_RS\" \/>\n<meta property=\"og:type\" content=\"article\" \/>\n<meta property=\"og:title\" content=\"FVE SYSTEMS - invest\u00edcia do obnovite\u013en\u00fdch zdrojov energie\" \/>\n<meta property=\"og:description\" content=\"Na\u0161im cie\u013eom je vytvori\u0165 zmyslupln\u00e9 portf\u00f3lio obnovite\u013en\u00fdch zdrojov energie a z\u00e1rove\u0148 sa s investorom spolupodie\u013ea\u0165 na tejto aktivite tak, aby bol profit.\" \/>\n<meta property=\"og:url\" content=\"https:\/\/fvesystems.com\/sr\/podcast\/\" \/>\n<meta property=\"og:site_name\" content=\"FVE SYSTEMS - invest\u00edcia do obnovite\u013en\u00fdch zdrojov energie\" \/>\n<meta property=\"article:modified_time\" content=\"2024-03-12T12:05:39+00:00\" \/>\n<meta property=\"og:image\" content=\"https:\/\/fvesystems.com\/wp-content\/uploads\/2023\/11\/cropped-favicon.png\" \/>\n\t<meta property=\"og:image:width\" content=\"512\" \/>\n\t<meta property=\"og:image:height\" content=\"512\" \/>\n\t<meta property=\"og:image:type\" content=\"image\/png\" \/>\n<meta name=\"twitter:card\" content=\"summary_large_image\" \/>\n<meta name=\"twitter:label1\" content=\"\u041f\u0440\u043e\u0446\u0435\u045a\u0435\u043d\u043e \u0432\u0440\u0435\u043c\u0435 \u0447\u0438\u0442\u0430\u045a\u0430\" \/>\n\t<meta name=\"twitter:data1\" content=\"1 \u043c\u0438\u043d\u0443\u0442\" \/>\n<script type=\"application\/ld+json\" class=\"yoast-schema-graph\">{\"@context\":\"https:\/\/schema.org\",\"@graph\":[{\"@type\":\"WebPage\",\"@id\":\"https:\/\/fvesystems.com\/sr\/podcast\/\",\"url\":\"https:\/\/fvesystems.com\/sr\/podcast\/\",\"name\":\"FVE SYSTEMS - invest\u00edcia do obnovite\u013en\u00fdch zdrojov energie\",\"isPartOf\":{\"@id\":\"https:\/\/fvesystems.com\/#website\"},\"datePublished\":\"2023-12-22T10:25:47+00:00\",\"dateModified\":\"2024-03-12T12:05:39+00:00\",\"description\":\"Na\u0161im cie\u013eom je vytvori\u0165 zmyslupln\u00e9 portf\u00f3lio obnovite\u013en\u00fdch zdrojov energie a z\u00e1rove\u0148 sa s investorom spolupodie\u013ea\u0165 na tejto aktivite tak, aby bol profit.\",\"breadcrumb\":{\"@id\":\"https:\/\/fvesystems.com\/sr\/podcast\/#breadcrumb\"},\"inLanguage\":\"sr-RS\",\"potentialAction\":[{\"@type\":\"ReadAction\",\"target\":[\"https:\/\/fvesystems.com\/sr\/podcast\/\"]}]},{\"@type\":\"BreadcrumbList\",\"@id\":\"https:\/\/fvesystems.com\/sr\/podcast\/#breadcrumb\",\"itemListElement\":[{\"@type\":\"ListItem\",\"position\":1,\"name\":\"Home\",\"item\":\"https:\/\/fvesystems.com\/sr\/\"},{\"@type\":\"ListItem\",\"position\":2,\"name\":\"Podcast\"}]},{\"@type\":\"WebSite\",\"@id\":\"https:\/\/fvesystems.com\/#website\",\"url\":\"https:\/\/fvesystems.com\/\",\"name\":\"FVE SYSTEMS - invest\u00edcie do obnovite\u013en\u00fdch zdrojov energie\",\"description\":\"Na\u0161a v\u00edzia je by\u0165 l\u00eddrom v prechode na \u010dist\u00fa, obnovite\u013en\u00fa a udr\u017eate\u013en\u00fa sol\u00e1rnu energiu a v\u00e1m poskytujeme jedine\u010dn\u00fa pr\u00edle\u017eitos\u0165 prispie\u0165 k ekologickej transform\u00e1cii a z\u00e1rove\u0148 dosiahnu\u0165 atrakt\u00edvne finan\u010dn\u00e9 v\u00fdnosy.\",\"publisher\":{\"@id\":\"https:\/\/fvesystems.com\/#organization\"},\"potentialAction\":[{\"@type\":\"SearchAction\",\"target\":{\"@type\":\"EntryPoint\",\"urlTemplate\":\"https:\/\/fvesystems.com\/?s={search_term_string}\"},\"query-input\":{\"@type\":\"PropertyValueSpecification\",\"valueRequired\":true,\"valueName\":\"search_term_string\"}}],\"inLanguage\":\"sr-RS\"},{\"@type\":\"Organization\",\"@id\":\"https:\/\/fvesystems.com\/#organization\",\"name\":\"FVE SYSTEMS - invest\u00edcie do obnovite\u013en\u00fdch zdrojov energie\",\"url\":\"https:\/\/fvesystems.com\/\",\"logo\":{\"@type\":\"ImageObject\",\"inLanguage\":\"sr-RS\",\"@id\":\"https:\/\/fvesystems.com\/#\/schema\/logo\/image\/\",\"url\":\"https:\/\/fvesystems.com\/wp-content\/uploads\/2023\/11\/logo.svg\",\"contentUrl\":\"https:\/\/fvesystems.com\/wp-content\/uploads\/2023\/11\/logo.svg\",\"width\":161,\"height\":39,\"caption\":\"FVE SYSTEMS - invest\u00edcie do obnovite\u013en\u00fdch zdrojov energie\"},\"image\":{\"@id\":\"https:\/\/fvesystems.com\/#\/schema\/logo\/image\/\"},\"sameAs\":[\"https:\/\/linkedin.com\/company\/fve-systems-europe\"]}]}<\/script>\n<!-- \/ Yoast SEO plugin. -->","yoast_head_json":{"title":"FVE SYSTEMS - invest\u00edcia do obnovite\u013en\u00fdch zdrojov energie","description":"Na\u0161im cie\u013eom je vytvori\u0165 zmyslupln\u00e9 portf\u00f3lio obnovite\u013en\u00fdch zdrojov energie a z\u00e1rove\u0148 sa s investorom spolupodie\u013ea\u0165 na tejto aktivite tak, aby bol profit.","robots":{"index":"index","follow":"follow","max-snippet":"max-snippet:-1","max-image-preview":"max-image-preview:large","max-video-preview":"max-video-preview:-1"},"canonical":"https:\/\/fvesystems.com\/sr\/podcast\/","og_locale":"sr_RS","og_type":"article","og_title":"FVE SYSTEMS - invest\u00edcia do obnovite\u013en\u00fdch zdrojov energie","og_description":"Na\u0161im cie\u013eom je vytvori\u0165 zmyslupln\u00e9 portf\u00f3lio obnovite\u013en\u00fdch zdrojov energie a z\u00e1rove\u0148 sa s investorom spolupodie\u013ea\u0165 na tejto aktivite tak, aby bol profit.","og_url":"https:\/\/fvesystems.com\/sr\/podcast\/","og_site_name":"FVE SYSTEMS - invest\u00edcia do obnovite\u013en\u00fdch zdrojov energie","article_modified_time":"2024-03-12T12:05:39+00:00","og_image":[{"width":512,"height":512,"url":"https:\/\/fvesystems.com\/wp-content\/uploads\/2023\/11\/cropped-favicon.png","type":"image\/png"}],"twitter_card":"summary_large_image","twitter_misc":{"\u041f\u0440\u043e\u0446\u0435\u045a\u0435\u043d\u043e \u0432\u0440\u0435\u043c\u0435 \u0447\u0438\u0442\u0430\u045a\u0430":"1 \u043c\u0438\u043d\u0443\u0442"},"schema":{"@context":"https:\/\/schema.org","@graph":[{"@type":"WebPage","@id":"https:\/\/fvesystems.com\/sr\/podcast\/","url":"https:\/\/fvesystems.com\/sr\/podcast\/","name":"FVE SYSTEMS - invest\u00edcia do obnovite\u013en\u00fdch zdrojov energie","isPartOf":{"@id":"https:\/\/fvesystems.com\/#website"},"datePublished":"2023-12-22T10:25:47+00:00","dateModified":"2024-03-12T12:05:39+00:00","description":"Na\u0161im cie\u013eom je vytvori\u0165 zmyslupln\u00e9 portf\u00f3lio obnovite\u013en\u00fdch zdrojov energie a z\u00e1rove\u0148 sa s investorom spolupodie\u013ea\u0165 na tejto aktivite tak, aby bol profit.","breadcrumb":{"@id":"https:\/\/fvesystems.com\/sr\/podcast\/#breadcrumb"},"inLanguage":"sr-RS","potentialAction":[{"@type":"ReadAction","target":["https:\/\/fvesystems.com\/sr\/podcast\/"]}]},{"@type":"BreadcrumbList","@id":"https:\/\/fvesystems.com\/sr\/podcast\/#breadcrumb","itemListElement":[{"@type":"ListItem","position":1,"name":"Home","item":"https:\/\/fvesystems.com\/sr\/"},{"@type":"ListItem","position":2,"name":"Podcast"}]},{"@type":"WebSite","@id":"https:\/\/fvesystems.com\/#website","url":"https:\/\/fvesystems.com\/","name":"FVE SYSTEMS - invest\u00edcie do obnovite\u013en\u00fdch zdrojov energie","description":"Na\u0161a v\u00edzia je by\u0165 l\u00eddrom v prechode na \u010dist\u00fa, obnovite\u013en\u00fa a udr\u017eate\u013en\u00fa sol\u00e1rnu energiu a v\u00e1m poskytujeme jedine\u010dn\u00fa pr\u00edle\u017eitos\u0165 prispie\u0165 k ekologickej transform\u00e1cii a z\u00e1rove\u0148 dosiahnu\u0165 atrakt\u00edvne finan\u010dn\u00e9 v\u00fdnosy.","publisher":{"@id":"https:\/\/fvesystems.com\/#organization"},"potentialAction":[{"@type":"SearchAction","target":{"@type":"EntryPoint","urlTemplate":"https:\/\/fvesystems.com\/?s={search_term_string}"},"query-input":{"@type":"PropertyValueSpecification","valueRequired":true,"valueName":"search_term_string"}}],"inLanguage":"sr-RS"},{"@type":"Organization","@id":"https:\/\/fvesystems.com\/#organization","name":"FVE SYSTEMS - invest\u00edcie do obnovite\u013en\u00fdch zdrojov energie","url":"https:\/\/fvesystems.com\/","logo":{"@type":"ImageObject","inLanguage":"sr-RS","@id":"https:\/\/fvesystems.com\/#\/schema\/logo\/image\/","url":"https:\/\/fvesystems.com\/wp-content\/uploads\/2023\/11\/logo.svg","contentUrl":"https:\/\/fvesystems.com\/wp-content\/uploads\/2023\/11\/logo.svg","width":161,"height":39,"caption":"FVE SYSTEMS - invest\u00edcie do obnovite\u013en\u00fdch zdrojov energie"},"image":{"@id":"https:\/\/fvesystems.com\/#\/schema\/logo\/image\/"},"sameAs":["https:\/\/linkedin.com\/company\/fve-systems-europe"]}]}},"_links":{"self":[{"href":"https:\/\/fvesystems.com\/sr\/wp-json\/wp\/v2\/pages\/3020","targetHints":{"allow":["GET"]}}],"collection":[{"href":"https:\/\/fvesystems.com\/sr\/wp-json\/wp\/v2\/pages"}],"about":[{"href":"https:\/\/fvesystems.com\/sr\/wp-json\/wp\/v2\/types\/page"}],"author":[{"embeddable":true,"href":"https:\/\/fvesystems.com\/sr\/wp-json\/wp\/v2\/users\/5"}],"replies":[{"embeddable":true,"href":"https:\/\/fvesystems.com\/sr\/wp-json\/wp\/v2\/comments?post=3020"}],"version-history":[{"count":0,"href":"https:\/\/fvesystems.com\/sr\/wp-json\/wp\/v2\/pages\/3020\/revisions"}],"wp:attachment":[{"href":"https:\/\/fvesystems.com\/sr\/wp-json\/wp\/v2\/media?parent=3020"}],"curies":[{"name":"wp","href":"https:\/\/api.w.org\/{rel}","templated":true}]}}