{"id":3021,"date":"2023-11-29T14:38:22","date_gmt":"2023-11-29T14:38:22","guid":{"rendered":"https:\/\/fvesystems.com\/kariera\/"},"modified":"2024-03-13T12:56:44","modified_gmt":"2024-03-13T12:56:44","slug":"karijera","status":"publish","type":"page","link":"https:\/\/fvesystems.com\/sr\/karijera\/","title":{"rendered":"KARIJERA"},"content":{"rendered":"\t\t<div data-elementor-type=\"wp-page\" data-elementor-id=\"3021\" class=\"elementor elementor-3021\">\n\t\t\t\t<div class=\"elementor-element elementor-element-1aa9771 e-flex e-con-boxed e-con e-parent\" data-id=\"1aa9771\" data-element_type=\"container\">\n\t\t\t\t\t<div class=\"e-con-inner\">\n\t\t\t\t<div class=\"elementor-element elementor-element-85bd3e5 elementor-widget elementor-widget-bauen-title\" data-id=\"85bd3e5\" data-element_type=\"widget\" data-widget_type=\"bauen-title.default\">\n\t\t\t\t<div class=\"elementor-widget-container\">\n\t\t\t\t\t\t\t\n\t\t\t\n\t\t\t\t\t\t<h2 class=\"section-title text-left\">OTVORENE  <span class=\"text-color-red\"> POZICIJE  <\/span> <\/h2>\n\t\t\t\t\n\t\t\t\t\n        \n\t\t\t\n        \t\t\t\t<\/div>\n\t\t\t\t<\/div>\n\t\t\t\t\t<\/div>\n\t\t\t\t<\/div>\n\t\t<div class=\"elementor-element elementor-element-03945b7 e-flex e-con-boxed e-con e-parent\" data-id=\"03945b7\" data-element_type=\"container\">\n\t\t\t\t\t<div class=\"e-con-inner\">\n\t\t\t\t<div class=\"elementor-element elementor-element-3d7cc19 elementor-widget elementor-widget-bauen-accordion\" data-id=\"3d7cc19\" data-element_type=\"widget\" data-widget_type=\"bauen-accordion.default\">\n\t\t\t\t<div class=\"elementor-widget-container\">\n\t\t\t\t\t\n\t\t<div class=\"sec-accordion\">\n\t\t\t<ul class=\"accordion-box clearfix\">\n\t\t\t\t\t\t\t\t\t\t\t\t\t\t\n\t\t\t\t\t<li class=\"accordion block\">\n\t\t\t\t\t\t\t\t\t\t\t\t\t<div class=\"acc-btn\">\n\t\t\t\t\t\t\t\t\t\t\t\t\t\t\t\t\t<span class=\"count\">\n\t\t\t\t\t\t\t\t\t   1.\t\t\t\t\t\t\t\t\t<\/span> \n\t\t\t\t\t\t\t\t\t\t\t\t\t\t\t\t\n\t\t\t\t\t\t\t   Elektri\u010dni in\u017einjer \/ Bosnia and Herzegovina\t\t\t\t\t\t\t<\/div> \n\t\t\t\t\t\t\t\n\t\t\t\t\t\t\t\t\t\t\t\t\t<div class=\"acc-content\">\n\t\t\t\t\t\t\t\t<div class=\"content\">\n\t\t\t\t\t\t\t\t\t<div class=\"text\"><p style=\"font-weight: 400;\">FVE Systems je kompanija fokusirana na implementaciju fotonaponskih rje\u0161enja, kao i na druge oblike obnovljivih izvora energije, poput vode i\u00a0vjetra. U\u00a0potrazi smo za projektima sa pozitivnim utjecajem na okoli\u0161.<\/p><p style=\"font-weight: 400;\">Trenutno smo prvenstveno fokusirani na razvoj fotonaponskih i energetskih projektnih rje\u0161enja u Bosni i Hercegovini, Srbiji, Crnoj Gori, Hrvatskoj, Rumuniji i Slova\u010dkoj.<\/p><p style=\"font-weight: 400;\">Va\u0161 profil:<\/p><ul><li>Diploma Elektrotehni\u010dkog fakulteta<\/li><li>Odli\u010dno poznavanje programskog paketa AutoCAD\/e Plan<\/li><li>Polo\u017een stru\u010dni ispit (obavezno)<\/li><\/ul><p>\u00a0<\/p><p style=\"font-weight: 400;\">Va\u0161i zadaci:<\/p><ul><li>Tehni\u010dki dizajn<\/li><li>Izrada razvojne tehnolo\u0161ke i operativne dokumentacije, nacrta, o\u017ei\u010denja i shema fotonaponskih sistema<\/li><li>Odre\u0111ivanje koli\u010dina i materijala potrebnih za realizaciju fotonaponskih sistema<\/li><li>Izrada projektne dokumentacije<\/li><\/ul><p>\u00a0<\/p><p style=\"font-weight: 400;\">Prednosti:<\/p><ul><li>Iskustvo na istim ili sli\u010dnim poslovima<\/li><\/ul><p>\u00a0<\/p><p style=\"font-weight: 400;\">Nudimo:<\/p><ul><li>Pla\u0107ene putne tro\u0161kove<\/li><li>Osiguranje<\/li><li>Klizno radno vrijeme od 8 sati<\/li><li>Podsticajna primanja<\/li><li>Moderno i ugodno radno okru\u017eenje<\/li><li>Prednosti rada u me\u0111unarodnoj tvrtki<\/li><\/ul><p>\u00a0<\/p><p style=\"font-weight: 400;\">Ukoliko ste zainteresovani za ovu poziciju, po\u0161aljite nam svoju biografiju na: kapo@fvesystems.com<\/p><\/div>\n\t\t\t\t\t\t\t\t<\/div>\n\t\t\t\t\t\t\t<\/div>\t\t\t\t\t\t\t\n\t\t\t\t\t\t\t\t\t\t\t\t\t\t\t\t\t\n\t\t\t\t\t<\/li>\n\t\t\t\t\t\t\n\t\t\t\t\t\t\t\t\t\t\t\t\t\t\n\t\t\t\t\t<li class=\"accordion block\">\n\t\t\t\t\t\t\t\t\t\t\t\t\t<div class=\"acc-btn\">\n\t\t\t\t\t\t\t\t\t\t\t\t\t\t\t\t\t<span class=\"count\">\n\t\t\t\t\t\t\t\t\t   2.\t\t\t\t\t\t\t\t\t<\/span> \n\t\t\t\t\t\t\t\t\t\t\t\t\t\t\t\t\n\t\t\t\t\t\t\t   Personal Banking Consultant \/ Slovak Republic\t\t\t\t\t\t\t<\/div> \n\t\t\t\t\t\t\t\n\t\t\t\t\t\t\t\t\t\t\t\t\t<div class=\"acc-content\">\n\t\t\t\t\t\t\t\t<div class=\"content\">\n\t\t\t\t\t\t\t\t\t<div class=\"text\"><p style=\"font-weight: 400;\">FVE Systems is a recognized leader in the photovoltaic energy sector and renewable energy solutions. As we look to strengthen our team, we are looking for proactive and skilled individuals to join our FVE Systems team.<\/p><p style=\"font-weight: 400;\">Responsibilities:<\/p><ul><li style=\"font-weight: 400;\">Provide strategic views on optimizing investments in accordance with clients' financial goals.<\/li><li style=\"font-weight: 400;\">Develop innovative financial solutions to achieve diverse client goals.<\/li><li style=\"font-weight: 400;\">Build strong relationships with clients.<\/li><\/ul><p style=\"font-weight: 400;\">What we are looking for:<\/p><ul><li style=\"font-weight: 400;\">Proven experience as a personal banking advisor or in a similar position.<\/li><li style=\"font-weight: 400;\">Expertise in financial management and investment strategies.<\/li><li style=\"font-weight: 400;\">Exceptional organizational and time management skills.<\/li><li style=\"font-weight: 400;\">Strong communication and interpersonal skills.<\/li><li style=\"font-weight: 400;\">Active knowledge of the English language.<\/li><\/ul><p style=\"font-weight: 400;\">What we offer:<\/p><ul><li style=\"font-weight: 400;\">Unlimited growth: Develop your potential in a dynamic environment.<\/li><li style=\"font-weight: 400;\">Competitive salary.<\/li><li style=\"font-weight: 400;\">Global collaboration: Join a highly coordinated international team.<\/li><li style=\"font-weight: 400;\">Focus on sustainability for a greener future.<\/li><\/ul><p style=\"font-weight: 400;\">If you are interested, please send your CV to info@fvesystems.com<\/p><\/div>\n\t\t\t\t\t\t\t\t<\/div>\n\t\t\t\t\t\t\t<\/div>\t\t\t\t\t\t\t\n\t\t\t\t\t\t\t\t\t\t\t\t\t\t\t\t\t\n\t\t\t\t\t<\/li>\n\t\t\t\t\t\t\n\t\t\t\t\t\t\t\t\t\t\t\t\t\t\n\t\t\t\t\t<li class=\"accordion block\">\n\t\t\t\t\t\t\t\t\t\t\t\t\t<div class=\"acc-btn\">\n\t\t\t\t\t\t\t\t\t\t\t\t\t\t\t\t\t<span class=\"count\">\n\t\t\t\t\t\t\t\t\t   3.\t\t\t\t\t\t\t\t\t<\/span> \n\t\t\t\t\t\t\t\t\t\t\t\t\t\t\t\t\n\t\t\t\t\t\t\t   Personal Banking Consultant \/ Czech Republic\t\t\t\t\t\t\t<\/div> \n\t\t\t\t\t\t\t\n\t\t\t\t\t\t\t\t\t\t\t\t\t<div class=\"acc-content\">\n\t\t\t\t\t\t\t\t<div class=\"content\">\n\t\t\t\t\t\t\t\t\t<div class=\"text\"><p style=\"font-weight: 400;\">FVE Systems is a recognized leader in the field of photovoltaic energy, focused on spreading ecological awareness and developing renewable energy solutions. As we look to expand our team, we are looking for proactive and experienced individuals to join our FVE Systems team.<\/p><p style=\"font-weight: 400;\">Responsibilities:<\/p><ul><li style=\"font-weight: 400;\">Lead financial management initiatives tailored to the Czech market.<\/li><li style=\"font-weight: 400;\">Provide strategic knowledge for the optimization of investments in accordance with our clients\u2019 goals.<\/li><li style=\"font-weight: 400;\">Develop innovative financial solutions to achieve diverse client goals.<\/li><li style=\"font-weight: 400;\">Build strong relationships with clients.<\/li><\/ul><p style=\"font-weight: 400;\">What we are looking for:<\/p><ul><li style=\"font-weight: 400;\">Proven experience as a personal banking advisor or in a similar position.<\/li><li style=\"font-weight: 400;\">Expertise in financial management and investment strategies.<\/li><li style=\"font-weight: 400;\">Exceptional organization and time management skills.<\/li><li style=\"font-weight: 400;\">Strong communication and interpersonal skills.<\/li><\/ul><p style=\"font-weight: 400;\">What we offer:<\/p><ul><li style=\"font-weight: 400;\">Unlimited growth: Develop your potential in a dynamic environment.<\/li><li style=\"font-weight: 400;\">Competitive salary.<\/li><li style=\"font-weight: 400;\">Global collaboration: Join a highly coordinated international team.<\/li><li style=\"font-weight: 400;\">Focus on sustainability for a greener future.<\/li><\/ul><p style=\"font-weight: 400;\">If you are interested, please send your CV to info@fvesystems.com<\/p><\/div>\n\t\t\t\t\t\t\t\t<\/div>\n\t\t\t\t\t\t\t<\/div>\t\t\t\t\t\t\t\n\t\t\t\t\t\t\t\t\t\t\t\t\t\t\t\t\t\n\t\t\t\t\t<\/li>\n\t\t\t\t\t\t\n\t\t\t\t\t\t\t\t\t\t\t\t\t\t\n\t\t\t\t\t<li class=\"accordion block\">\n\t\t\t\t\t\t\t\t\t\t\t\t\t<div class=\"acc-btn\">\n\t\t\t\t\t\t\t\t\t\t\t\t\t\t\t\t\t<span class=\"count\">\n\t\t\t\t\t\t\t\t\t   4.\t\t\t\t\t\t\t\t\t<\/span> \n\t\t\t\t\t\t\t\t\t\t\t\t\t\t\t\t\n\t\t\t\t\t\t\t   Senior Marketing Specialist \/ Slovak Republic\t\t\t\t\t\t\t<\/div> \n\t\t\t\t\t\t\t\n\t\t\t\t\t\t\t\t\t\t\t\t\t<div class=\"acc-content\">\n\t\t\t\t\t\t\t\t<div class=\"content\">\n\t\t\t\t\t\t\t\t\t<div class=\"text\"><p style=\"font-weight: 400;\">Senior Marketing Specialist<\/p><p style=\"font-weight: 400;\">Full time<\/p><p style=\"font-weight: 400;\">Place of work: Bratislava<\/p><p style=\"font-weight: 400;\">Basic wage (gross) and bonuses<\/p><p style=\"font-weight: 400;\">From 1,650 EUR\/month<\/p><p style=\"font-weight: 400;\">Join our dynamic marketing team and be part of real innovative change!<\/p><p style=\"font-weight: 400;\">\u2728 We are looking for creative and ambitious marketing specialists who are ready to shape and execute strategic campaigns. We offer a competitive salary and bonuses, career advancement opportunities, and flexibility in your work.<\/p><p style=\"font-weight: 400;\">As a marketing specialist, you will work on campaigns that influence both the market and our customers. We are looking for people who are enthusiastic about contributing to the growth of our brand, and who support our marketing vision.<\/p><p style=\"font-weight: 400;\">Benefits include a range of work trips abroad, compensated time for work trips in the form of flexible time off, the chance to work as part of a friendly, young team, educational courses, workshops and more.<\/p><p style=\"font-weight: 400;\">If you want to influence the marketing strategy of our company, please send us your CV!<\/p><p style=\"font-weight: 400;\">Roles and responsibilities:<\/p><ul><li style=\"font-weight: 400;\">Planning and implementation of marketing campaigns.<\/li><li style=\"font-weight: 400;\">Providing PR and information services for major company developments, through media such as WEB\/Instagram\/LinkedIn\/.<\/li><li style=\"font-weight: 400;\">Market and customer data analysis.<\/li><li style=\"font-weight: 400;\">Creation and management of marketing materials and content.<\/li><li style=\"font-weight: 400;\">Organization and implementation of marketing actions.<\/li><li style=\"font-weight: 400;\">Collaboration with other departments to achieve campaign goals.<\/li><li style=\"font-weight: 400;\">Active communication with partners, media, and customers.<\/li><li style=\"font-weight: 400;\">Other administrative organizational activities as required by the company.<\/li><li style=\"font-weight: 400;\">This position requires precision, creativity, and the ability to respond quickly to market changes.<\/li><\/ul><p style=\"font-weight: 400;\">Do you have experience in marketing and a desire to constantly learn? Flexibility, professional ethics, and integrity are key to this role. Your reward will truly reflect your marketing achievements.<\/p><p style=\"font-weight: 400;\">Personal prerequisites and skills<\/p><ul><li style=\"font-weight: 400;\">Basic knowledge in the field of digital marketing.<\/li><li style=\"font-weight: 400;\">Creativity and the ability to learn quickly.<\/li><li style=\"font-weight: 400;\">Excellent communication skills.<\/li><li style=\"font-weight: 400;\">Active creation and implementation of marketing campaigns.<\/li><li style=\"font-weight: 400;\">Monitoring and managing social media and online content.<\/li><li style=\"font-weight: 400;\">Assisting with marketing and PR materials creation, including texts and graphic elements.<\/li><li style=\"font-weight: 400;\">Marketing data analysis and report preparation.<\/li><\/ul><p style=\"font-weight: 400;\">We are currently focusing on developing photovoltaic and energy project solutions in Serbia, Bosnia and Herzegovina, Romania, Croatia, Montenegro, and Slovakia.<\/p><p style=\"font-weight: 400;\">We are focused on the implementation of photovoltaic solutions, as well as on other forms of obtaining energy from renewable sources, such as water and air. We are looking for projects that a positive impact on the environment. More information about our company can be found at <a href=\"http:\/\/www.fvesystems.com\/\">www.fvesystems.com<\/a>.<\/p><p style=\"font-weight: 400;\">If you are interested, please send your CV to <a href=\"mailto:info@fvesystems.com\">info@fvesystems.com<\/a><\/p><\/div>\n\t\t\t\t\t\t\t\t<\/div>\n\t\t\t\t\t\t\t<\/div>\t\t\t\t\t\t\t\n\t\t\t\t\t\t\t\t\t\t\t\t\t\t\t\t\t\n\t\t\t\t\t<\/li>\n\t\t\t\t\t\t\n\t\t\t\t\t\n\t    \t<\/ul>\t\t\n\t\t<\/div>\t\t\n\n        \t\t\t\t<\/div>\n\t\t\t\t<\/div>\n\t\t\t\t\t<\/div>\n\t\t\t\t<\/div>\n\t\t\t\t<\/div>\n\t\t","protected":false},"excerpt":{"rendered":"<p>OTVORENE POZICIJE 1. Elektri\u010dni in\u017einjer \/ Bosnia and Herzegovina FVE Systems je kompanija fokusirana na implementaciju fotonaponskih rje\u0161enja, kao i na druge oblike obnovljivih izvora energije, poput vode i\u00a0vjetra. U\u00a0potrazi smo za projektima sa pozitivnim utjecajem na okoli\u0161. Trenutno smo prvenstveno fokusirani na razvoj fotonaponskih i energetskih projektnih rje\u0161enja u Bosni i Hercegovini, Srbiji, Crnoj Gori, Hrvatskoj, Rumuniji i Slova\u010dkoj&#8230;.<\/p>\n","protected":false},"author":5,"featured_media":0,"parent":0,"menu_order":0,"comment_status":"closed","ping_status":"closed","template":"","meta":{"footnotes":"","_links_to":"","_links_to_target":""},"class_list":["post-3021","page","type-page","status-publish","hentry"],"yoast_head":"<!-- This site is optimized with the Yoast SEO plugin v24.2 - https:\/\/yoast.com\/wordpress\/plugins\/seo\/ -->\n<title>FVE SYSTEMS - invest\u00edcia do obnovite\u013en\u00fdch zdrojov energie<\/title>\n<meta name=\"description\" content=\"Na\u0161im cie\u013eom je vytvori\u0165 zmyslupln\u00e9 portf\u00f3lio obnovite\u013en\u00fdch zdrojov energie a z\u00e1rove\u0148 sa s investorom spolupodie\u013ea\u0165 na tejto aktivite tak, aby bol profit.\" \/>\n<meta name=\"robots\" content=\"index, follow, max-snippet:-1, max-image-preview:large, max-video-preview:-1\" \/>\n<link rel=\"canonical\" href=\"https:\/\/fvesystems.com\/kariera\/\" \/>\n<meta property=\"og:locale\" content=\"sr_RS\" \/>\n<meta property=\"og:type\" content=\"article\" \/>\n<meta property=\"og:title\" content=\"FVE SYSTEMS - invest\u00edcia do obnovite\u013en\u00fdch zdrojov energie\" \/>\n<meta property=\"og:description\" content=\"Na\u0161im cie\u013eom je vytvori\u0165 zmyslupln\u00e9 portf\u00f3lio obnovite\u013en\u00fdch zdrojov energie a z\u00e1rove\u0148 sa s investorom spolupodie\u013ea\u0165 na tejto aktivite tak, aby bol profit.\" \/>\n<meta property=\"og:url\" content=\"https:\/\/fvesystems.com\/kariera\/\" \/>\n<meta property=\"og:site_name\" content=\"FVE SYSTEMS - invest\u00edcia do obnovite\u013en\u00fdch zdrojov energie\" \/>\n<meta property=\"article:modified_time\" content=\"2024-03-13T12:56:44+00:00\" \/>\n<meta property=\"og:image\" content=\"https:\/\/fvesystems.com\/wp-content\/uploads\/2023\/11\/cropped-favicon.png\" \/>\n\t<meta property=\"og:image:width\" content=\"512\" \/>\n\t<meta property=\"og:image:height\" content=\"512\" \/>\n\t<meta property=\"og:image:type\" content=\"image\/png\" \/>\n<meta name=\"twitter:card\" content=\"summary_large_image\" \/>\n<meta name=\"twitter:label1\" content=\"\u041f\u0440\u043e\u0446\u0435\u045a\u0435\u043d\u043e \u0432\u0440\u0435\u043c\u0435 \u0447\u0438\u0442\u0430\u045a\u0430\" \/>\n\t<meta name=\"twitter:data1\" content=\"5 \u043c\u0438\u043d\u0443\u0442\u0430\" \/>\n<script type=\"application\/ld+json\" class=\"yoast-schema-graph\">{\"@context\":\"https:\/\/schema.org\",\"@graph\":[{\"@type\":\"WebPage\",\"@id\":\"https:\/\/fvesystems.com\/kariera\/\",\"url\":\"https:\/\/fvesystems.com\/kariera\/\",\"name\":\"FVE SYSTEMS - invest\u00edcia do obnovite\u013en\u00fdch zdrojov energie\",\"isPartOf\":{\"@id\":\"https:\/\/fvesystems.com\/#website\"},\"datePublished\":\"2023-11-29T14:38:22+00:00\",\"dateModified\":\"2024-03-13T12:56:44+00:00\",\"description\":\"Na\u0161im cie\u013eom je vytvori\u0165 zmyslupln\u00e9 portf\u00f3lio obnovite\u013en\u00fdch zdrojov energie a z\u00e1rove\u0148 sa s investorom spolupodie\u013ea\u0165 na tejto aktivite tak, aby bol profit.\",\"breadcrumb\":{\"@id\":\"https:\/\/fvesystems.com\/kariera\/#breadcrumb\"},\"inLanguage\":\"sr-RS\",\"potentialAction\":[{\"@type\":\"ReadAction\",\"target\":[\"https:\/\/fvesystems.com\/kariera\/\"]}]},{\"@type\":\"BreadcrumbList\",\"@id\":\"https:\/\/fvesystems.com\/kariera\/#breadcrumb\",\"itemListElement\":[{\"@type\":\"ListItem\",\"position\":1,\"name\":\"Home\",\"item\":\"https:\/\/fvesystems.com\/sr\/\"},{\"@type\":\"ListItem\",\"position\":2,\"name\":\"KARIJERA\"}]},{\"@type\":\"WebSite\",\"@id\":\"https:\/\/fvesystems.com\/#website\",\"url\":\"https:\/\/fvesystems.com\/\",\"name\":\"FVE SYSTEMS - invest\u00edcie do obnovite\u013en\u00fdch zdrojov energie\",\"description\":\"Na\u0161a v\u00edzia je by\u0165 l\u00eddrom v prechode na \u010dist\u00fa, obnovite\u013en\u00fa a udr\u017eate\u013en\u00fa sol\u00e1rnu energiu a v\u00e1m poskytujeme jedine\u010dn\u00fa pr\u00edle\u017eitos\u0165 prispie\u0165 k ekologickej transform\u00e1cii a z\u00e1rove\u0148 dosiahnu\u0165 atrakt\u00edvne finan\u010dn\u00e9 v\u00fdnosy.\",\"publisher\":{\"@id\":\"https:\/\/fvesystems.com\/#organization\"},\"potentialAction\":[{\"@type\":\"SearchAction\",\"target\":{\"@type\":\"EntryPoint\",\"urlTemplate\":\"https:\/\/fvesystems.com\/?s={search_term_string}\"},\"query-input\":{\"@type\":\"PropertyValueSpecification\",\"valueRequired\":true,\"valueName\":\"search_term_string\"}}],\"inLanguage\":\"sr-RS\"},{\"@type\":\"Organization\",\"@id\":\"https:\/\/fvesystems.com\/#organization\",\"name\":\"FVE SYSTEMS - invest\u00edcie do obnovite\u013en\u00fdch zdrojov energie\",\"url\":\"https:\/\/fvesystems.com\/\",\"logo\":{\"@type\":\"ImageObject\",\"inLanguage\":\"sr-RS\",\"@id\":\"https:\/\/fvesystems.com\/#\/schema\/logo\/image\/\",\"url\":\"https:\/\/fvesystems.com\/wp-content\/uploads\/2023\/11\/logo.svg\",\"contentUrl\":\"https:\/\/fvesystems.com\/wp-content\/uploads\/2023\/11\/logo.svg\",\"width\":161,\"height\":39,\"caption\":\"FVE SYSTEMS - invest\u00edcie do obnovite\u013en\u00fdch zdrojov energie\"},\"image\":{\"@id\":\"https:\/\/fvesystems.com\/#\/schema\/logo\/image\/\"},\"sameAs\":[\"https:\/\/linkedin.com\/company\/fve-systems-europe\"]}]}<\/script>\n<!-- \/ Yoast SEO plugin. -->","yoast_head_json":{"title":"FVE SYSTEMS - invest\u00edcia do obnovite\u013en\u00fdch zdrojov energie","description":"Na\u0161im cie\u013eom je vytvori\u0165 zmyslupln\u00e9 portf\u00f3lio obnovite\u013en\u00fdch zdrojov energie a z\u00e1rove\u0148 sa s investorom spolupodie\u013ea\u0165 na tejto aktivite tak, aby bol profit.","robots":{"index":"index","follow":"follow","max-snippet":"max-snippet:-1","max-image-preview":"max-image-preview:large","max-video-preview":"max-video-preview:-1"},"canonical":"https:\/\/fvesystems.com\/kariera\/","og_locale":"sr_RS","og_type":"article","og_title":"FVE SYSTEMS - invest\u00edcia do obnovite\u013en\u00fdch zdrojov energie","og_description":"Na\u0161im cie\u013eom je vytvori\u0165 zmyslupln\u00e9 portf\u00f3lio obnovite\u013en\u00fdch zdrojov energie a z\u00e1rove\u0148 sa s investorom spolupodie\u013ea\u0165 na tejto aktivite tak, aby bol profit.","og_url":"https:\/\/fvesystems.com\/kariera\/","og_site_name":"FVE SYSTEMS - invest\u00edcia do obnovite\u013en\u00fdch zdrojov energie","article_modified_time":"2024-03-13T12:56:44+00:00","og_image":[{"width":512,"height":512,"url":"https:\/\/fvesystems.com\/wp-content\/uploads\/2023\/11\/cropped-favicon.png","type":"image\/png"}],"twitter_card":"summary_large_image","twitter_misc":{"\u041f\u0440\u043e\u0446\u0435\u045a\u0435\u043d\u043e \u0432\u0440\u0435\u043c\u0435 \u0447\u0438\u0442\u0430\u045a\u0430":"5 \u043c\u0438\u043d\u0443\u0442\u0430"},"schema":{"@context":"https:\/\/schema.org","@graph":[{"@type":"WebPage","@id":"https:\/\/fvesystems.com\/kariera\/","url":"https:\/\/fvesystems.com\/kariera\/","name":"FVE SYSTEMS - invest\u00edcia do obnovite\u013en\u00fdch zdrojov energie","isPartOf":{"@id":"https:\/\/fvesystems.com\/#website"},"datePublished":"2023-11-29T14:38:22+00:00","dateModified":"2024-03-13T12:56:44+00:00","description":"Na\u0161im cie\u013eom je vytvori\u0165 zmyslupln\u00e9 portf\u00f3lio obnovite\u013en\u00fdch zdrojov energie a z\u00e1rove\u0148 sa s investorom spolupodie\u013ea\u0165 na tejto aktivite tak, aby bol profit.","breadcrumb":{"@id":"https:\/\/fvesystems.com\/kariera\/#breadcrumb"},"inLanguage":"sr-RS","potentialAction":[{"@type":"ReadAction","target":["https:\/\/fvesystems.com\/kariera\/"]}]},{"@type":"BreadcrumbList","@id":"https:\/\/fvesystems.com\/kariera\/#breadcrumb","itemListElement":[{"@type":"ListItem","position":1,"name":"Home","item":"https:\/\/fvesystems.com\/sr\/"},{"@type":"ListItem","position":2,"name":"KARIJERA"}]},{"@type":"WebSite","@id":"https:\/\/fvesystems.com\/#website","url":"https:\/\/fvesystems.com\/","name":"FVE SYSTEMS - invest\u00edcie do obnovite\u013en\u00fdch zdrojov energie","description":"Na\u0161a v\u00edzia je by\u0165 l\u00eddrom v prechode na \u010dist\u00fa, obnovite\u013en\u00fa a udr\u017eate\u013en\u00fa sol\u00e1rnu energiu a v\u00e1m poskytujeme jedine\u010dn\u00fa pr\u00edle\u017eitos\u0165 prispie\u0165 k ekologickej transform\u00e1cii a z\u00e1rove\u0148 dosiahnu\u0165 atrakt\u00edvne finan\u010dn\u00e9 v\u00fdnosy.","publisher":{"@id":"https:\/\/fvesystems.com\/#organization"},"potentialAction":[{"@type":"SearchAction","target":{"@type":"EntryPoint","urlTemplate":"https:\/\/fvesystems.com\/?s={search_term_string}"},"query-input":{"@type":"PropertyValueSpecification","valueRequired":true,"valueName":"search_term_string"}}],"inLanguage":"sr-RS"},{"@type":"Organization","@id":"https:\/\/fvesystems.com\/#organization","name":"FVE SYSTEMS - invest\u00edcie do obnovite\u013en\u00fdch zdrojov energie","url":"https:\/\/fvesystems.com\/","logo":{"@type":"ImageObject","inLanguage":"sr-RS","@id":"https:\/\/fvesystems.com\/#\/schema\/logo\/image\/","url":"https:\/\/fvesystems.com\/wp-content\/uploads\/2023\/11\/logo.svg","contentUrl":"https:\/\/fvesystems.com\/wp-content\/uploads\/2023\/11\/logo.svg","width":161,"height":39,"caption":"FVE SYSTEMS - invest\u00edcie do obnovite\u013en\u00fdch zdrojov energie"},"image":{"@id":"https:\/\/fvesystems.com\/#\/schema\/logo\/image\/"},"sameAs":["https:\/\/linkedin.com\/company\/fve-systems-europe"]}]}},"_links":{"self":[{"href":"https:\/\/fvesystems.com\/sr\/wp-json\/wp\/v2\/pages\/3021","targetHints":{"allow":["GET"]}}],"collection":[{"href":"https:\/\/fvesystems.com\/sr\/wp-json\/wp\/v2\/pages"}],"about":[{"href":"https:\/\/fvesystems.com\/sr\/wp-json\/wp\/v2\/types\/page"}],"author":[{"embeddable":true,"href":"https:\/\/fvesystems.com\/sr\/wp-json\/wp\/v2\/users\/5"}],"replies":[{"embeddable":true,"href":"https:\/\/fvesystems.com\/sr\/wp-json\/wp\/v2\/comments?post=3021"}],"version-history":[{"count":0,"href":"https:\/\/fvesystems.com\/sr\/wp-json\/wp\/v2\/pages\/3021\/revisions"}],"wp:attachment":[{"href":"https:\/\/fvesystems.com\/sr\/wp-json\/wp\/v2\/media?parent=3021"}],"curies":[{"name":"wp","href":"https:\/\/api.w.org\/{rel}","templated":true}]}}